{"id":1356,"date":"2025-10-18T19:56:36","date_gmt":"2025-10-18T17:56:36","guid":{"rendered":"https:\/\/sap-focatrans.fr\/v2025\/?page_id=1356"},"modified":"2026-02-25T14:32:51","modified_gmt":"2026-02-25T13:32:51","slug":"transport-routier-specialise-btp","status":"publish","type":"page","link":"https:\/\/sap-focatrans.fr\/v2025\/transport-routier-specialise-btp\/","title":{"rendered":"Transport routier sp\u00e9cialis\u00e9 BTP"},"content":{"rendered":"\t\t<div data-elementor-type=\"wp-post\" data-elementor-id=\"1356\" class=\"elementor elementor-1356\">\n\t\t\t\t\t\t<section class=\"elementor-section elementor-top-section elementor-element elementor-element-224b9b6 elementor-section-full_width elementor-section-height-default elementor-section-height-default\" data-id=\"224b9b6\" data-element_type=\"section\" data-e-type=\"section\" data-settings=\"{&quot;background_background&quot;:&quot;classic&quot;,&quot;shape_divider_bottom&quot;:&quot;tilt&quot;}\">\n\t\t\t\t\t\t\t<div class=\"elementor-background-overlay\"><\/div>\n\t\t\t\t\t\t<div class=\"elementor-shape elementor-shape-bottom\" aria-hidden=\"true\" data-negative=\"false\">\n\t\t\t<svg xmlns=\"http:\/\/www.w3.org\/2000\/svg\" viewBox=\"0 0 1000 100\" preserveAspectRatio=\"none\">\n\t<path class=\"elementor-shape-fill\" d=\"M0,6V0h1000v100L0,6z\"\/>\n<\/svg>\t\t<\/div>\n\t\t\t\t\t<div class=\"elementor-container elementor-column-gap-default\">\n\t\t\t\t\t<div class=\"elementor-column elementor-col-100 elementor-top-column elementor-element elementor-element-d0f980b\" data-id=\"d0f980b\" data-element_type=\"column\" data-e-type=\"column\">\n\t\t\t<div class=\"elementor-widget-wrap elementor-element-populated\">\n\t\t\t\t\t\t<section class=\"elementor-section elementor-inner-section elementor-element elementor-element-231d5ba elementor-section-boxed elementor-section-height-default elementor-section-height-default\" data-id=\"231d5ba\" data-element_type=\"section\" data-e-type=\"section\">\n\t\t\t\t\t\t<div class=\"elementor-container elementor-column-gap-default\">\n\t\t\t\t\t<div class=\"elementor-column elementor-col-100 elementor-inner-column elementor-element elementor-element-2c9489b\" data-id=\"2c9489b\" data-element_type=\"column\" data-e-type=\"column\">\n\t\t\t<div class=\"elementor-widget-wrap elementor-element-populated\">\n\t\t\t\t\t\t<div class=\"elementor-element elementor-element-2d06514 elementor-widget elementor-widget-heading\" data-id=\"2d06514\" data-element_type=\"widget\" data-e-type=\"widget\" data-widget_type=\"heading.default\">\n\t\t\t\t\t<h2 class=\"elementor-heading-title elementor-size-default\"><a class=\"envo-extra-box-icon-wrapper\"><span class=\"envo-extra-box-icon-content\">Transport routier sp\u00e9cialis\u00e9 BTP<\/span><\/a><\/h2>\t\t\t\t<\/div>\n\t\t\t\t<div class=\"elementor-element elementor-element-86e6844 elementor-align-center elementor-widget elementor-widget-envo-extra-button\" data-id=\"86e6844\" data-element_type=\"widget\" data-e-type=\"widget\" data-widget_type=\"envo-extra-button.default\">\n\t\t\t\t<div class=\"elementor-widget-container\">\n\t\t\t\t\t\r\n\t\t<a  href=\"https:\/\/sap-focatrans.fr\/v2025\/nos-offres\" class=\"envo-extra-elementor-button envo-extra-elementor-button-animation-none envo-extra-align-icon-left\">\r\n\t\t<span class=\"envo-extra-elementor-button-inner\">\r\n\t\t\t\t\t\t\t<span class=\"envo-extra-elementor-button-media\"><svg aria-hidden=\"true\" class=\"e-font-icon-svg e-fas-angle-double-left\" viewBox=\"0 0 448 512\" xmlns=\"http:\/\/www.w3.org\/2000\/svg\"><path d=\"M223.7 239l136-136c9.4-9.4 24.6-9.4 33.9 0l22.6 22.6c9.4 9.4 9.4 24.6 0 33.9L319.9 256l96.4 96.4c9.4 9.4 9.4 24.6 0 33.9L393.7 409c-9.4 9.4-24.6 9.4-33.9 0l-136-136c-9.5-9.4-9.5-24.6-.1-34zm-192 34l136 136c9.4 9.4 24.6 9.4 33.9 0l22.6-22.6c9.4-9.4 9.4-24.6 0-33.9L127.9 256l96.4-96.4c9.4-9.4 9.4-24.6 0-33.9L201.7 103c-9.4-9.4-24.6-9.4-33.9 0l-136 136c-9.5 9.4-9.5 24.6-.1 34z\"><\/path><\/svg><\/span>\r\n\t\t\t\t\t\t<span class=\"envo-extra-button-text\">Retour \u00e0 nos services<\/span>\r\n\t\t<\/span>\r\n\t\t<\/a>\r\n\t\t\t\t\t\t<\/div>\n\t\t\t\t<\/div>\n\t\t\t\t\t<\/div>\n\t\t<\/div>\n\t\t\t\t\t<\/div>\n\t\t<\/section>\n\t\t\t\t\t<\/div>\n\t\t<\/div>\n\t\t\t\t\t<\/div>\n\t\t<\/section>\n\t\t\t\t<section class=\"elementor-section elementor-top-section elementor-element elementor-element-b715b06 elementor-section-boxed elementor-section-height-default elementor-section-height-default\" data-id=\"b715b06\" data-element_type=\"section\" data-e-type=\"section\" data-settings=\"{&quot;background_background&quot;:&quot;classic&quot;}\">\n\t\t\t\t\t\t<div class=\"elementor-container elementor-column-gap-no\">\n\t\t\t\t\t<div class=\"elementor-column elementor-col-50 elementor-top-column elementor-element elementor-element-43c2062\" data-id=\"43c2062\" data-element_type=\"column\" data-e-type=\"column\">\n\t\t\t<div class=\"elementor-widget-wrap elementor-element-populated\">\n\t\t\t\t\t\t<div class=\"elementor-element elementor-element-4acfa00 elementor-widget__width-initial elementor-widget elementor-widget-heading\" data-id=\"4acfa00\" data-element_type=\"widget\" data-e-type=\"widget\" data-widget_type=\"heading.default\">\n\t\t\t\t\t<h2 class=\"elementor-heading-title elementor-size-default\">Des <b>v\u00e9hicules adapt\u00e9s<\/b>, disponibles sans chauffeur, <b>pour vos chantiers et vos approvisionnements<\/b><\/h2>\t\t\t\t<\/div>\n\t\t\t\t<div class=\"elementor-element elementor-element-1db3dc7 elementor-widget-divider--view-line_icon elementor-widget__width-auto elementor-absolute elementor-view-default elementor-widget-divider--element-align-center elementor-widget elementor-widget-divider\" data-id=\"1db3dc7\" data-element_type=\"widget\" data-e-type=\"widget\" data-settings=\"{&quot;_position&quot;:&quot;absolute&quot;}\" data-widget_type=\"divider.default\">\n\t\t\t\t\t\t\t<div class=\"elementor-divider\">\n\t\t\t<span class=\"elementor-divider-separator\">\n\t\t\t\t\t\t\t<div class=\"elementor-icon elementor-divider__element\">\n\t\t\t\t\t<svg aria-hidden=\"true\" class=\"e-font-icon-svg e-fas-circle\" viewBox=\"0 0 512 512\" xmlns=\"http:\/\/www.w3.org\/2000\/svg\"><path d=\"M256 8C119 8 8 119 8 256s111 248 248 248 248-111 248-248S393 8 256 8z\"><\/path><\/svg><\/div>\n\t\t\t\t\t\t<\/span>\n\t\t<\/div>\n\t\t\t\t\t\t<\/div>\n\t\t\t\t<div class=\"elementor-element elementor-element-da7b28b elementor-widget-divider--view-line_icon elementor-widget__width-auto elementor-absolute elementor-view-default elementor-widget-divider--element-align-center elementor-widget elementor-widget-divider\" data-id=\"da7b28b\" data-element_type=\"widget\" data-e-type=\"widget\" data-settings=\"{&quot;_position&quot;:&quot;absolute&quot;}\" data-widget_type=\"divider.default\">\n\t\t\t\t\t\t\t<div class=\"elementor-divider\">\n\t\t\t<span class=\"elementor-divider-separator\">\n\t\t\t\t\t\t\t<div class=\"elementor-icon elementor-divider__element\">\n\t\t\t\t\t<svg aria-hidden=\"true\" class=\"e-font-icon-svg e-fas-circle\" viewBox=\"0 0 512 512\" xmlns=\"http:\/\/www.w3.org\/2000\/svg\"><path d=\"M256 8C119 8 8 119 8 256s111 248 248 248 248-111 248-248S393 8 256 8z\"><\/path><\/svg><\/div>\n\t\t\t\t\t\t<\/span>\n\t\t<\/div>\n\t\t\t\t\t\t<\/div>\n\t\t\t\t<div class=\"elementor-element elementor-element-7e73da7 elementor-widget elementor-widget-text-editor\" data-id=\"7e73da7\" data-element_type=\"widget\" data-e-type=\"widget\" data-widget_type=\"text-editor.default\">\n\t\t\t\t\t\t\t\t\t<p>Chez SAP FOCATRANS, nous mettons \u00e0 disposition une flotte de v\u00e9hicules d\u00e9di\u00e9s aux professionnels du BTP et du secteur agricole. Notre service de location est con\u00e7u pour r\u00e9pondre aux besoins logistiques sp\u00e9cifiques, en toute autonomie.<\/p>\t\t\t\t\t\t\t\t<\/div>\n\t\t\t\t<div class=\"elementor-element elementor-element-14754ba elementor-widget elementor-widget-image\" data-id=\"14754ba\" data-element_type=\"widget\" data-e-type=\"widget\" data-widget_type=\"image.default\">\n\t\t\t\t\t\t\t\t\t\t\t\t\t\t\t<img fetchpriority=\"high\" decoding=\"async\" width=\"847\" height=\"565\" src=\"https:\/\/i0.wp.com\/sap-focatrans.fr\/v2025\/wp-content\/uploads\/2025\/11\/rear-view-truck-mountain-road-rocks-summer-semitrailer-carrying-goods-highway-turkey-cargo-transportation-concept-scaled.jpg?fit=847%2C565&amp;ssl=1\" class=\"attachment-large size-large wp-image-1576\" alt=\"\" srcset=\"https:\/\/i0.wp.com\/sap-focatrans.fr\/v2025\/wp-content\/uploads\/2025\/11\/rear-view-truck-mountain-road-rocks-summer-semitrailer-carrying-goods-highway-turkey-cargo-transportation-concept-scaled.jpg?w=2560&amp;ssl=1 2560w, https:\/\/i0.wp.com\/sap-focatrans.fr\/v2025\/wp-content\/uploads\/2025\/11\/rear-view-truck-mountain-road-rocks-summer-semitrailer-carrying-goods-highway-turkey-cargo-transportation-concept-scaled.jpg?resize=300%2C200&amp;ssl=1 300w, https:\/\/i0.wp.com\/sap-focatrans.fr\/v2025\/wp-content\/uploads\/2025\/11\/rear-view-truck-mountain-road-rocks-summer-semitrailer-carrying-goods-highway-turkey-cargo-transportation-concept-scaled.jpg?resize=1024%2C683&amp;ssl=1 1024w, https:\/\/i0.wp.com\/sap-focatrans.fr\/v2025\/wp-content\/uploads\/2025\/11\/rear-view-truck-mountain-road-rocks-summer-semitrailer-carrying-goods-highway-turkey-cargo-transportation-concept-scaled.jpg?resize=768%2C512&amp;ssl=1 768w, https:\/\/i0.wp.com\/sap-focatrans.fr\/v2025\/wp-content\/uploads\/2025\/11\/rear-view-truck-mountain-road-rocks-summer-semitrailer-carrying-goods-highway-turkey-cargo-transportation-concept-scaled.jpg?resize=1536%2C1024&amp;ssl=1 1536w, https:\/\/i0.wp.com\/sap-focatrans.fr\/v2025\/wp-content\/uploads\/2025\/11\/rear-view-truck-mountain-road-rocks-summer-semitrailer-carrying-goods-highway-turkey-cargo-transportation-concept-scaled.jpg?resize=2048%2C1365&amp;ssl=1 2048w, https:\/\/i0.wp.com\/sap-focatrans.fr\/v2025\/wp-content\/uploads\/2025\/11\/rear-view-truck-mountain-road-rocks-summer-semitrailer-carrying-goods-highway-turkey-cargo-transportation-concept-scaled.jpg?w=1694&amp;ssl=1 1694w\" sizes=\"(max-width: 847px) 100vw, 847px\" \/>\t\t\t\t\t\t\t\t\t\t\t\t\t\t\t<\/div>\n\t\t\t\t<div class=\"elementor-element elementor-element-26036f3 elementor-widget__width-initial elementor-widget elementor-widget-heading\" data-id=\"26036f3\" data-element_type=\"widget\" data-e-type=\"widget\" data-widget_type=\"heading.default\">\n\t\t\t\t\t<h2 class=\"elementor-heading-title elementor-size-default\">Un service <b>souple, professionnel et r\u00e9actif<\/b><\/h2>\t\t\t\t<\/div>\n\t\t\t\t<div class=\"elementor-element elementor-element-7cb5034 elementor-widget elementor-widget-text-editor\" data-id=\"7cb5034\" data-element_type=\"widget\" data-e-type=\"widget\" data-widget_type=\"text-editor.default\">\n\t\t\t\t\t\t\t\t\t<p>SAP FOCATRANS vous accompagne dans la logistique de vos chantiers et de vos livraisons, avec des v\u00e9hicules disponibles \u00e0 Villecroze et dans toute la r\u00e9gion Provence-Alpes-C\u00f4te d\u2019Azur.<\/p><p><em>Location courte ou longue dur\u00e9e, selon vos besoins.<\/em><\/p>\t\t\t\t\t\t\t\t<\/div>\n\t\t\t\t\t<\/div>\n\t\t<\/div>\n\t\t\t\t<div class=\"elementor-column elementor-col-50 elementor-top-column elementor-element elementor-element-14207db\" data-id=\"14207db\" data-element_type=\"column\" data-e-type=\"column\">\n\t\t\t<div class=\"elementor-widget-wrap elementor-element-populated\">\n\t\t\t\t\t\t<div class=\"elementor-element elementor-element-f68db6d elementor-widget__width-initial elementor-widget elementor-widget-heading\" data-id=\"f68db6d\" data-element_type=\"widget\" data-e-type=\"widget\" data-widget_type=\"heading.default\">\n\t\t\t\t\t<h3 class=\"elementor-heading-title elementor-size-default\">Location d\u2019engins sans conducteur<\/h3>\t\t\t\t<\/div>\n\t\t\t\t<div class=\"elementor-element elementor-element-7b9db0e elementor-widget__width-initial elementor-widget elementor-widget-text-editor\" data-id=\"7b9db0e\" data-element_type=\"widget\" data-e-type=\"widget\" data-widget_type=\"text-editor.default\">\n\t\t\t\t\t\t\t\t\t<p>Camions bennes, porte-engins, v\u00e9hicules de chantier, bennes\u2026 Louez le mat\u00e9riel adapt\u00e9 \u00e0 vos op\u00e9rations, sans chauffeur. Vous gardez le contr\u00f4le, nous assurons la disponibilit\u00e9, la conformit\u00e9 et l\u2019entretien.<\/p>\t\t\t\t\t\t\t\t<\/div>\n\t\t\t\t<div class=\"elementor-element elementor-element-368a727 elementor-widget__width-initial elementor-widget elementor-widget-heading\" data-id=\"368a727\" data-element_type=\"widget\" data-e-type=\"widget\" data-widget_type=\"heading.default\">\n\t\t\t\t\t<h3 class=\"elementor-heading-title elementor-size-default\">Transport de mat\u00e9riel BTP<\/h3>\t\t\t\t<\/div>\n\t\t\t\t<div class=\"elementor-element elementor-element-0c0f1db elementor-widget__width-initial elementor-widget elementor-widget-text-editor\" data-id=\"0c0f1db\" data-element_type=\"widget\" data-e-type=\"widget\" data-widget_type=\"text-editor.default\">\n\t\t\t\t\t\t\t\t\t<p>Besoin de d\u00e9placer des mat\u00e9riaux, des gravats ou des \u00e9quipements lourds ? Nos v\u00e9hicules sont configur\u00e9s pour le transport de charges sp\u00e9cifiques au secteur du b\u00e2timent et des travaux publics.<\/p>\t\t\t\t\t\t\t\t<\/div>\n\t\t\t\t<div class=\"elementor-element elementor-element-486898b elementor-widget__width-initial elementor-widget elementor-widget-heading\" data-id=\"486898b\" data-element_type=\"widget\" data-e-type=\"widget\" data-widget_type=\"heading.default\">\n\t\t\t\t\t<h3 class=\"elementor-heading-title elementor-size-default\">Transport d\u2019engrais et produits agricoles<\/h3>\t\t\t\t<\/div>\n\t\t\t\t<div class=\"elementor-element elementor-element-45907d5 elementor-widget__width-initial elementor-widget elementor-widget-text-editor\" data-id=\"45907d5\" data-element_type=\"widget\" data-e-type=\"widget\" data-widget_type=\"text-editor.default\">\n\t\t\t\t\t\t\t\t\t<p>Nous proposons des solutions de transport pour les exploitants agricoles : engrais, semences, palettes conditionn\u00e9es\u2026 Nos v\u00e9hicules sont pr\u00eats \u00e0 l\u2019emploi, avec des capacit\u00e9s adapt\u00e9es \u00e0 vos volumes.<\/p>\t\t\t\t\t\t\t\t<\/div>\n\t\t\t\t\t<\/div>\n\t\t<\/div>\n\t\t\t\t\t<\/div>\n\t\t<\/section>\n\t\t\t\t<section class=\"elementor-section elementor-top-section elementor-element elementor-element-5bbc835 elementor-section-content-middle elementor-section-boxed elementor-section-height-default elementor-section-height-default\" data-id=\"5bbc835\" data-element_type=\"section\" data-e-type=\"section\" data-settings=\"{&quot;background_background&quot;:&quot;classic&quot;,&quot;shape_divider_top&quot;:&quot;tilt&quot;}\">\n\t\t\t\t\t\t\t<div class=\"elementor-background-overlay\"><\/div>\n\t\t\t\t\t\t<div class=\"elementor-shape elementor-shape-top\" aria-hidden=\"true\" data-negative=\"false\">\n\t\t\t<svg xmlns=\"http:\/\/www.w3.org\/2000\/svg\" viewBox=\"0 0 1000 100\" preserveAspectRatio=\"none\">\n\t<path class=\"elementor-shape-fill\" d=\"M0,6V0h1000v100L0,6z\"\/>\n<\/svg>\t\t<\/div>\n\t\t\t\t\t<div class=\"elementor-container elementor-column-gap-default\">\n\t\t\t\t\t<div class=\"elementor-column elementor-col-100 elementor-top-column elementor-element elementor-element-c1533f8\" data-id=\"c1533f8\" data-element_type=\"column\" data-e-type=\"column\">\n\t\t\t<div class=\"elementor-widget-wrap elementor-element-populated\">\n\t\t\t\t\t\t<div class=\"elementor-element elementor-element-f3af4c4 elementor-widget elementor-widget-heading\" data-id=\"f3af4c4\" data-element_type=\"widget\" data-e-type=\"widget\" data-widget_type=\"heading.default\">\n\t\t\t\t\t<h2 class=\"elementor-heading-title elementor-size-default\">&nbsp;<\/h2>\t\t\t\t<\/div>\n\t\t\t\t\t<\/div>\n\t\t<\/div>\n\t\t\t\t\t<\/div>\n\t\t<\/section>\n\t\t\t\t<\/div>\n\t\t","protected":false},"excerpt":{"rendered":"<p>Transport routier sp\u00e9cialis\u00e9 BTP Retour \u00e0 nos services Des v\u00e9hicules adapt\u00e9s, disponibles sans chauffeur, pour vos chantiers et vos approvisionnements Chez SAP FOCATRANS, nous mettons \u00e0 disposition une flotte de v\u00e9hicules d\u00e9di\u00e9s aux professionnels du&hellip;<\/p>\n","protected":false},"author":1,"featured_media":0,"parent":0,"menu_order":0,"comment_status":"closed","ping_status":"closed","template":"template-parts\/template-page-builders.php","meta":{"om_disable_all_campaigns":false,"_monsterinsights_skip_tracking":false,"_monsterinsights_sitenote_active":false,"_monsterinsights_sitenote_note":"","_monsterinsights_sitenote_category":0,"footnotes":""},"class_list":["post-1356","page","type-page","status-publish","hentry"],"aioseo_notices":[],"jetpack_sharing_enabled":true,"_links":{"self":[{"href":"https:\/\/sap-focatrans.fr\/v2025\/wp-json\/wp\/v2\/pages\/1356","targetHints":{"allow":["GET"]}}],"collection":[{"href":"https:\/\/sap-focatrans.fr\/v2025\/wp-json\/wp\/v2\/pages"}],"about":[{"href":"https:\/\/sap-focatrans.fr\/v2025\/wp-json\/wp\/v2\/types\/page"}],"author":[{"embeddable":true,"href":"https:\/\/sap-focatrans.fr\/v2025\/wp-json\/wp\/v2\/users\/1"}],"replies":[{"embeddable":true,"href":"https:\/\/sap-focatrans.fr\/v2025\/wp-json\/wp\/v2\/comments?post=1356"}],"version-history":[{"count":26,"href":"https:\/\/sap-focatrans.fr\/v2025\/wp-json\/wp\/v2\/pages\/1356\/revisions"}],"predecessor-version":[{"id":1609,"href":"https:\/\/sap-focatrans.fr\/v2025\/wp-json\/wp\/v2\/pages\/1356\/revisions\/1609"}],"wp:attachment":[{"href":"https:\/\/sap-focatrans.fr\/v2025\/wp-json\/wp\/v2\/media?parent=1356"}],"curies":[{"name":"wp","href":"https:\/\/api.w.org\/{rel}","templated":true}]}}