{"id":1303,"date":"2025-10-18T12:20:11","date_gmt":"2025-10-18T10:20:11","guid":{"rendered":"https:\/\/sap-focatrans.fr\/v2025\/?page_id=1303"},"modified":"2026-02-25T14:29:51","modified_gmt":"2026-02-25T13:29:51","slug":"remorquage-depannage","status":"publish","type":"page","link":"https:\/\/sap-focatrans.fr\/v2025\/remorquage-depannage\/","title":{"rendered":"Remorquage D\u00e9pannage"},"content":{"rendered":"\t\t<div data-elementor-type=\"wp-post\" data-elementor-id=\"1303\" class=\"elementor elementor-1303\">\n\t\t\t\t\t\t<section class=\"elementor-section elementor-top-section elementor-element elementor-element-224b9b6 elementor-section-full_width elementor-section-height-default elementor-section-height-default\" data-id=\"224b9b6\" data-element_type=\"section\" data-e-type=\"section\" data-settings=\"{&quot;background_background&quot;:&quot;classic&quot;,&quot;shape_divider_bottom&quot;:&quot;tilt&quot;}\">\n\t\t\t\t\t\t\t<div class=\"elementor-background-overlay\"><\/div>\n\t\t\t\t\t\t<div class=\"elementor-shape elementor-shape-bottom\" aria-hidden=\"true\" data-negative=\"false\">\n\t\t\t<svg xmlns=\"http:\/\/www.w3.org\/2000\/svg\" viewBox=\"0 0 1000 100\" preserveAspectRatio=\"none\">\n\t<path class=\"elementor-shape-fill\" d=\"M0,6V0h1000v100L0,6z\"\/>\n<\/svg>\t\t<\/div>\n\t\t\t\t\t<div class=\"elementor-container elementor-column-gap-default\">\n\t\t\t\t\t<div class=\"elementor-column elementor-col-100 elementor-top-column elementor-element elementor-element-d0f980b\" data-id=\"d0f980b\" data-element_type=\"column\" data-e-type=\"column\">\n\t\t\t<div class=\"elementor-widget-wrap elementor-element-populated\">\n\t\t\t\t\t\t<section class=\"elementor-section elementor-inner-section elementor-element elementor-element-231d5ba elementor-section-boxed elementor-section-height-default elementor-section-height-default\" data-id=\"231d5ba\" data-element_type=\"section\" data-e-type=\"section\">\n\t\t\t\t\t\t<div class=\"elementor-container elementor-column-gap-default\">\n\t\t\t\t\t<div class=\"elementor-column elementor-col-100 elementor-inner-column elementor-element elementor-element-2c9489b\" data-id=\"2c9489b\" data-element_type=\"column\" data-e-type=\"column\">\n\t\t\t<div class=\"elementor-widget-wrap elementor-element-populated\">\n\t\t\t\t\t\t<div class=\"elementor-element elementor-element-2d06514 elementor-widget elementor-widget-heading\" data-id=\"2d06514\" data-element_type=\"widget\" data-e-type=\"widget\" data-widget_type=\"heading.default\">\n\t\t\t\t\t<h2 class=\"elementor-heading-title elementor-size-default\">Remorquage &amp; D\u00e9pannage<\/h2>\t\t\t\t<\/div>\n\t\t\t\t<div class=\"elementor-element elementor-element-86e6844 elementor-align-center elementor-widget elementor-widget-envo-extra-button\" data-id=\"86e6844\" data-element_type=\"widget\" data-e-type=\"widget\" data-widget_type=\"envo-extra-button.default\">\n\t\t\t\t<div class=\"elementor-widget-container\">\n\t\t\t\t\t\r\n\t\t<a  href=\"https:\/\/sap-focatrans.fr\/v2025\/nos-offres\" class=\"envo-extra-elementor-button envo-extra-elementor-button-animation-none envo-extra-align-icon-left\">\r\n\t\t<span class=\"envo-extra-elementor-button-inner\">\r\n\t\t\t\t\t\t\t<span class=\"envo-extra-elementor-button-media\"><svg aria-hidden=\"true\" class=\"e-font-icon-svg e-fas-angle-double-left\" viewBox=\"0 0 448 512\" xmlns=\"http:\/\/www.w3.org\/2000\/svg\"><path d=\"M223.7 239l136-136c9.4-9.4 24.6-9.4 33.9 0l22.6 22.6c9.4 9.4 9.4 24.6 0 33.9L319.9 256l96.4 96.4c9.4 9.4 9.4 24.6 0 33.9L393.7 409c-9.4 9.4-24.6 9.4-33.9 0l-136-136c-9.5-9.4-9.5-24.6-.1-34zm-192 34l136 136c9.4 9.4 24.6 9.4 33.9 0l22.6-22.6c9.4-9.4 9.4-24.6 0-33.9L127.9 256l96.4-96.4c9.4-9.4 9.4-24.6 0-33.9L201.7 103c-9.4-9.4-24.6-9.4-33.9 0l-136 136c-9.5 9.4-9.5 24.6-.1 34z\"><\/path><\/svg><\/span>\r\n\t\t\t\t\t\t<span class=\"envo-extra-button-text\">Retour \u00e0 nos services<\/span>\r\n\t\t<\/span>\r\n\t\t<\/a>\r\n\t\t\t\t\t\t<\/div>\n\t\t\t\t<\/div>\n\t\t\t\t\t<\/div>\n\t\t<\/div>\n\t\t\t\t\t<\/div>\n\t\t<\/section>\n\t\t\t\t\t<\/div>\n\t\t<\/div>\n\t\t\t\t\t<\/div>\n\t\t<\/section>\n\t\t\t\t<section class=\"elementor-section elementor-top-section elementor-element elementor-element-b715b06 elementor-section-boxed elementor-section-height-default elementor-section-height-default\" data-id=\"b715b06\" data-element_type=\"section\" data-e-type=\"section\" data-settings=\"{&quot;background_background&quot;:&quot;classic&quot;}\">\n\t\t\t\t\t\t<div class=\"elementor-container elementor-column-gap-no\">\n\t\t\t\t\t<div class=\"elementor-column elementor-col-50 elementor-top-column elementor-element elementor-element-43c2062\" data-id=\"43c2062\" data-element_type=\"column\" data-e-type=\"column\">\n\t\t\t<div class=\"elementor-widget-wrap elementor-element-populated\">\n\t\t\t\t\t\t<div class=\"elementor-element elementor-element-4acfa00 elementor-widget__width-initial elementor-widget elementor-widget-heading\" data-id=\"4acfa00\" data-element_type=\"widget\" data-e-type=\"widget\" data-widget_type=\"heading.default\">\n\t\t\t\t\t<h2 class=\"elementor-heading-title elementor-size-default\"><b>Assistance de qualit\u00e9<\/b> en d\u00e9pannage et remorquage<\/h2>\t\t\t\t<\/div>\n\t\t\t\t<div class=\"elementor-element elementor-element-1db3dc7 elementor-widget-divider--view-line_icon elementor-widget__width-auto elementor-absolute elementor-view-default elementor-widget-divider--element-align-center elementor-widget elementor-widget-divider\" data-id=\"1db3dc7\" data-element_type=\"widget\" data-e-type=\"widget\" data-settings=\"{&quot;_position&quot;:&quot;absolute&quot;}\" data-widget_type=\"divider.default\">\n\t\t\t\t\t\t\t<div class=\"elementor-divider\">\n\t\t\t<span class=\"elementor-divider-separator\">\n\t\t\t\t\t\t\t<div class=\"elementor-icon elementor-divider__element\">\n\t\t\t\t\t<svg aria-hidden=\"true\" class=\"e-font-icon-svg e-fas-circle\" viewBox=\"0 0 512 512\" xmlns=\"http:\/\/www.w3.org\/2000\/svg\"><path d=\"M256 8C119 8 8 119 8 256s111 248 248 248 248-111 248-248S393 8 256 8z\"><\/path><\/svg><\/div>\n\t\t\t\t\t\t<\/span>\n\t\t<\/div>\n\t\t\t\t\t\t<\/div>\n\t\t\t\t<div class=\"elementor-element elementor-element-da7b28b elementor-widget-divider--view-line_icon elementor-widget__width-auto elementor-absolute elementor-view-default elementor-widget-divider--element-align-center elementor-widget elementor-widget-divider\" data-id=\"da7b28b\" data-element_type=\"widget\" data-e-type=\"widget\" data-settings=\"{&quot;_position&quot;:&quot;absolute&quot;}\" data-widget_type=\"divider.default\">\n\t\t\t\t\t\t\t<div class=\"elementor-divider\">\n\t\t\t<span class=\"elementor-divider-separator\">\n\t\t\t\t\t\t\t<div class=\"elementor-icon elementor-divider__element\">\n\t\t\t\t\t<svg aria-hidden=\"true\" class=\"e-font-icon-svg e-fas-circle\" viewBox=\"0 0 512 512\" xmlns=\"http:\/\/www.w3.org\/2000\/svg\"><path d=\"M256 8C119 8 8 119 8 256s111 248 248 248 248-111 248-248S393 8 256 8z\"><\/path><\/svg><\/div>\n\t\t\t\t\t\t<\/span>\n\t\t<\/div>\n\t\t\t\t\t\t<\/div>\n\t\t\t\t<div class=\"elementor-element elementor-element-7e73da7 elementor-widget elementor-widget-text-editor\" data-id=\"7e73da7\" data-element_type=\"widget\" data-e-type=\"widget\" data-widget_type=\"text-editor.default\">\n\t\t\t\t\t\t\t\t\t<p>Une panne, un incident, un impr\u00e9vu ? SAP FOCATRANS vous accompagne avec une <strong>assistance rapide, fiable et s\u00e9curis\u00e9e<\/strong>, sur route comme \u00e0 domicile. Nos \u00e9quipes interviennent <strong>7j\/7<\/strong>, avec du <strong>mat\u00e9riel homologu\u00e9<\/strong> et une <strong>expertise \u00e9prouv\u00e9e<\/strong>, pour <strong>d\u00e9panner<\/strong> ou <strong>remorquer<\/strong> votre v\u00e9hicule dans les meilleures conditions. <strong>Diagnostic pr\u00e9cis<\/strong>, <strong>prise en charge compl\u00e8te<\/strong>, <strong>tranquillit\u00e9 assur\u00e9e<\/strong> : chaque intervention est pens\u00e9e pour vous remettre en route, sans stress ni perte de temps.<\/p><div>\u00a0<\/div>\t\t\t\t\t\t\t\t<\/div>\n\t\t\t\t<div class=\"elementor-element elementor-element-14754ba elementor-widget elementor-widget-image\" data-id=\"14754ba\" data-element_type=\"widget\" data-e-type=\"widget\" data-widget_type=\"image.default\">\n\t\t\t\t\t\t\t\t\t\t\t\t\t\t\t<img fetchpriority=\"high\" decoding=\"async\" width=\"847\" height=\"565\" src=\"https:\/\/i0.wp.com\/sap-focatrans.fr\/v2025\/wp-content\/uploads\/2025\/10\/towing-truck-broken-car-street-against-clear-sky-scaled.jpg?fit=847%2C565&amp;ssl=1\" class=\"attachment-large size-large wp-image-1305\" alt=\"\" srcset=\"https:\/\/i0.wp.com\/sap-focatrans.fr\/v2025\/wp-content\/uploads\/2025\/10\/towing-truck-broken-car-street-against-clear-sky-scaled.jpg?w=2560&amp;ssl=1 2560w, https:\/\/i0.wp.com\/sap-focatrans.fr\/v2025\/wp-content\/uploads\/2025\/10\/towing-truck-broken-car-street-against-clear-sky-scaled.jpg?resize=300%2C200&amp;ssl=1 300w, https:\/\/i0.wp.com\/sap-focatrans.fr\/v2025\/wp-content\/uploads\/2025\/10\/towing-truck-broken-car-street-against-clear-sky-scaled.jpg?resize=1024%2C683&amp;ssl=1 1024w, https:\/\/i0.wp.com\/sap-focatrans.fr\/v2025\/wp-content\/uploads\/2025\/10\/towing-truck-broken-car-street-against-clear-sky-scaled.jpg?resize=768%2C512&amp;ssl=1 768w, https:\/\/i0.wp.com\/sap-focatrans.fr\/v2025\/wp-content\/uploads\/2025\/10\/towing-truck-broken-car-street-against-clear-sky-scaled.jpg?resize=1536%2C1024&amp;ssl=1 1536w, https:\/\/i0.wp.com\/sap-focatrans.fr\/v2025\/wp-content\/uploads\/2025\/10\/towing-truck-broken-car-street-against-clear-sky-scaled.jpg?resize=2048%2C1365&amp;ssl=1 2048w, https:\/\/i0.wp.com\/sap-focatrans.fr\/v2025\/wp-content\/uploads\/2025\/10\/towing-truck-broken-car-street-against-clear-sky-scaled.jpg?w=1694&amp;ssl=1 1694w\" sizes=\"(max-width: 847px) 100vw, 847px\" \/>\t\t\t\t\t\t\t\t\t\t\t\t\t\t\t<\/div>\n\t\t\t\t<div class=\"elementor-element elementor-element-26036f3 elementor-widget__width-initial elementor-widget elementor-widget-heading\" data-id=\"26036f3\" data-element_type=\"widget\" data-e-type=\"widget\" data-widget_type=\"heading.default\">\n\t\t\t\t\t<h2 class=\"elementor-heading-title elementor-size-default\">V\u00e9hicules  <b>couverts<\/b><\/h2>\t\t\t\t<\/div>\n\t\t\t\t<div class=\"elementor-element elementor-element-7cb5034 elementor-widget elementor-widget-text-editor\" data-id=\"7cb5034\" data-element_type=\"widget\" data-e-type=\"widget\" data-widget_type=\"text-editor.default\">\n\t\t\t\t\t\t\t\t\t<p>Nous intervenons sur tous types de v\u00e9hicules : citadines, berlines, SUV, utilitaires, camping-cars, deux-roues\u2026 Quelle que soit la marque ou le mod\u00e8le, nous avons la solution adapt\u00e9e \u00e0 vos besoins.<\/p>\t\t\t\t\t\t\t\t<\/div>\n\t\t\t\t\t<\/div>\n\t\t<\/div>\n\t\t\t\t<div class=\"elementor-column elementor-col-50 elementor-top-column elementor-element elementor-element-14207db\" data-id=\"14207db\" data-element_type=\"column\" data-e-type=\"column\">\n\t\t\t<div class=\"elementor-widget-wrap elementor-element-populated\">\n\t\t\t\t\t\t<div class=\"elementor-element elementor-element-f68db6d elementor-widget__width-initial elementor-widget elementor-widget-heading\" data-id=\"f68db6d\" data-element_type=\"widget\" data-e-type=\"widget\" data-widget_type=\"heading.default\">\n\t\t\t\t\t<h3 class=\"elementor-heading-title elementor-size-default\">Nos services de <b>remorquage<\/b> et <b>d\u00e9pannage<\/b><\/h3>\t\t\t\t<\/div>\n\t\t\t\t<div class=\"elementor-element elementor-element-7b9db0e elementor-widget elementor-widget-text-editor\" data-id=\"7b9db0e\" data-element_type=\"widget\" data-e-type=\"widget\" data-widget_type=\"text-editor.default\">\n\t\t\t\t\t\t\t\t\t<p>En collaboration avec les <strong>garages partenaires de la r\u00e9gion<\/strong>, nous assurons une prise en charge compl\u00e8te, rapide et s\u00e9curis\u00e9e.<\/p><p><strong>D\u00e9pannage sur place<\/strong> <br \/>Batterie \u00e0 plat, crevaison, erreur de carburant ou petit souci m\u00e9canique ? Nos techniciens interviennent directement sur site pour r\u00e9soudre le probl\u00e8me sans remorquage, quand cela est possible. Une solution rapide pour repartir sans attendre.<\/p><p><strong>Remorquage tous v\u00e9hicules<br \/><\/strong> En cas de panne lourde ou d\u2019accident, nous assurons le remorquage de votre v\u00e9hicule vers le garage de votre choix ou vers notre atelier. V\u00e9hicules l\u00e9gers, utilitaires, motos : nous sommes \u00e9quip\u00e9s pour tous types de transports.<\/p><p><strong>Intervention 7j\/7, sur route ou \u00e0 domicile<\/strong> <br \/>Que vous soyez en ville, sur autoroute, en zone rurale ou devant chez vous, nos \u00e9quipes mobiles se d\u00e9placent rapidement pour vous assister. Disponibles tous les jours, y compris les week-ends et jours f\u00e9ri\u00e9s.<\/p><p><strong>Diagnostic rapide<\/strong> <br \/>Avant toute op\u00e9ration, nous effectuons un diagnostic de la panne pour vous proposer la solution la plus adapt\u00e9e : r\u00e9paration sur place ou remorquage vers un atelier. Transparence et efficacit\u00e9 sont nos priorit\u00e9s.<\/p><p><strong>S\u00e9curit\u00e9 et prise en charge<\/strong> <br \/>Nos interventions sont r\u00e9alis\u00e9es dans le respect des normes de s\u00e9curit\u00e9, avec du mat\u00e9riel homologu\u00e9 et des proc\u00e9dures rigoureuses. Nous prenons soin de votre v\u00e9hicule comme s\u2019il \u00e9tait le n\u00f4tre.<\/p>\t\t\t\t\t\t\t\t<\/div>\n\t\t\t\t\t<\/div>\n\t\t<\/div>\n\t\t\t\t\t<\/div>\n\t\t<\/section>\n\t\t\t\t<section class=\"elementor-section elementor-top-section elementor-element elementor-element-5bbc835 elementor-section-content-middle elementor-section-boxed elementor-section-height-default elementor-section-height-default\" data-id=\"5bbc835\" data-element_type=\"section\" data-e-type=\"section\" data-settings=\"{&quot;background_background&quot;:&quot;classic&quot;,&quot;shape_divider_top&quot;:&quot;tilt&quot;}\">\n\t\t\t\t\t\t\t<div class=\"elementor-background-overlay\"><\/div>\n\t\t\t\t\t\t<div class=\"elementor-shape elementor-shape-top\" aria-hidden=\"true\" data-negative=\"false\">\n\t\t\t<svg xmlns=\"http:\/\/www.w3.org\/2000\/svg\" viewBox=\"0 0 1000 100\" preserveAspectRatio=\"none\">\n\t<path class=\"elementor-shape-fill\" d=\"M0,6V0h1000v100L0,6z\"\/>\n<\/svg>\t\t<\/div>\n\t\t\t\t\t<div class=\"elementor-container elementor-column-gap-default\">\n\t\t\t\t\t<div class=\"elementor-column elementor-col-100 elementor-top-column elementor-element elementor-element-c1533f8\" data-id=\"c1533f8\" data-element_type=\"column\" data-e-type=\"column\">\n\t\t\t<div class=\"elementor-widget-wrap elementor-element-populated\">\n\t\t\t\t\t\t<div class=\"elementor-element elementor-element-f3af4c4 elementor-widget elementor-widget-heading\" data-id=\"f3af4c4\" data-element_type=\"widget\" data-e-type=\"widget\" data-widget_type=\"heading.default\">\n\t\t\t\t\t<h2 class=\"elementor-heading-title elementor-size-default\">&nbsp;<\/h2>\t\t\t\t<\/div>\n\t\t\t\t\t<\/div>\n\t\t<\/div>\n\t\t\t\t\t<\/div>\n\t\t<\/section>\n\t\t\t\t<\/div>\n\t\t","protected":false},"excerpt":{"rendered":"<p>Remorquage &amp; D\u00e9pannage Retour \u00e0 nos services Assistance de qualit\u00e9 en d\u00e9pannage et remorquage Une panne, un incident, un impr\u00e9vu ? SAP FOCATRANS vous accompagne avec une assistance rapide, fiable et s\u00e9curis\u00e9e, sur route comme&hellip;<\/p>\n","protected":false},"author":1,"featured_media":0,"parent":0,"menu_order":0,"comment_status":"closed","ping_status":"closed","template":"template-parts\/template-page-builders.php","meta":{"om_disable_all_campaigns":false,"_monsterinsights_skip_tracking":false,"_monsterinsights_sitenote_active":false,"_monsterinsights_sitenote_note":"","_monsterinsights_sitenote_category":0,"footnotes":""},"class_list":["post-1303","page","type-page","status-publish","hentry"],"aioseo_notices":[],"jetpack_sharing_enabled":true,"_links":{"self":[{"href":"https:\/\/sap-focatrans.fr\/v2025\/wp-json\/wp\/v2\/pages\/1303","targetHints":{"allow":["GET"]}}],"collection":[{"href":"https:\/\/sap-focatrans.fr\/v2025\/wp-json\/wp\/v2\/pages"}],"about":[{"href":"https:\/\/sap-focatrans.fr\/v2025\/wp-json\/wp\/v2\/types\/page"}],"author":[{"embeddable":true,"href":"https:\/\/sap-focatrans.fr\/v2025\/wp-json\/wp\/v2\/users\/1"}],"replies":[{"embeddable":true,"href":"https:\/\/sap-focatrans.fr\/v2025\/wp-json\/wp\/v2\/comments?post=1303"}],"version-history":[{"count":25,"href":"https:\/\/sap-focatrans.fr\/v2025\/wp-json\/wp\/v2\/pages\/1303\/revisions"}],"predecessor-version":[{"id":1606,"href":"https:\/\/sap-focatrans.fr\/v2025\/wp-json\/wp\/v2\/pages\/1303\/revisions\/1606"}],"wp:attachment":[{"href":"https:\/\/sap-focatrans.fr\/v2025\/wp-json\/wp\/v2\/media?parent=1303"}],"curies":[{"name":"wp","href":"https:\/\/api.w.org\/{rel}","templated":true}]}}