{"id":1291,"date":"2025-10-18T12:12:33","date_gmt":"2025-10-18T10:12:33","guid":{"rendered":"https:\/\/sap-focatrans.fr\/v2025\/?page_id=1291"},"modified":"2026-04-02T12:01:41","modified_gmt":"2026-04-02T10:01:41","slug":"reprogrammation-moteur-var","status":"publish","type":"page","link":"https:\/\/sap-focatrans.fr\/v2025\/reprogrammation-moteur-var\/","title":{"rendered":"Reprogrammation moteur Var"},"content":{"rendered":"\t\t<div data-elementor-type=\"wp-post\" data-elementor-id=\"1291\" class=\"elementor elementor-1291\">\n\t\t\t\t\t\t<section class=\"elementor-section elementor-top-section elementor-element elementor-element-224b9b6 elementor-section-full_width elementor-section-height-default elementor-section-height-default\" data-id=\"224b9b6\" data-element_type=\"section\" data-e-type=\"section\" data-settings=\"{&quot;background_background&quot;:&quot;classic&quot;,&quot;shape_divider_bottom&quot;:&quot;tilt&quot;}\">\n\t\t\t\t\t\t\t<div class=\"elementor-background-overlay\"><\/div>\n\t\t\t\t\t\t<div class=\"elementor-shape elementor-shape-bottom\" aria-hidden=\"true\" data-negative=\"false\">\n\t\t\t<svg xmlns=\"http:\/\/www.w3.org\/2000\/svg\" viewBox=\"0 0 1000 100\" preserveAspectRatio=\"none\">\n\t<path class=\"elementor-shape-fill\" d=\"M0,6V0h1000v100L0,6z\"\/>\n<\/svg>\t\t<\/div>\n\t\t\t\t\t<div class=\"elementor-container elementor-column-gap-default\">\n\t\t\t\t\t<div class=\"elementor-column elementor-col-100 elementor-top-column elementor-element elementor-element-d0f980b\" data-id=\"d0f980b\" data-element_type=\"column\" data-e-type=\"column\">\n\t\t\t<div class=\"elementor-widget-wrap elementor-element-populated\">\n\t\t\t\t\t\t<section class=\"elementor-section elementor-inner-section elementor-element elementor-element-231d5ba elementor-section-boxed elementor-section-height-default elementor-section-height-default\" data-id=\"231d5ba\" data-element_type=\"section\" data-e-type=\"section\">\n\t\t\t\t\t\t<div class=\"elementor-container elementor-column-gap-default\">\n\t\t\t\t\t<div class=\"elementor-column elementor-col-100 elementor-inner-column elementor-element elementor-element-2c9489b\" data-id=\"2c9489b\" data-element_type=\"column\" data-e-type=\"column\">\n\t\t\t<div class=\"elementor-widget-wrap elementor-element-populated\">\n\t\t\t\t\t\t<div class=\"elementor-element elementor-element-2d06514 elementor-widget elementor-widget-heading\" data-id=\"2d06514\" data-element_type=\"widget\" data-e-type=\"widget\" data-widget_type=\"heading.default\">\n\t\t\t\t\t<h2 class=\"elementor-heading-title elementor-size-default\">Reprogrammation moteur Var - Villecroze\n<br> Optimisation de Performance<\/h2>\t\t\t\t<\/div>\n\t\t\t\t<div class=\"elementor-element elementor-element-8972be7 elementor-widget elementor-widget-heading\" data-id=\"8972be7\" data-element_type=\"widget\" data-e-type=\"widget\" data-widget_type=\"heading.default\">\n\t\t\t\t\t<div class=\"elementor-heading-title elementor-size-default\"><b>Reprogrammation moteur Var<\/b> ? <b>SAP Focatrans<\/b> est l\u00e0 !<br><br>\nNous r\u00e9alisons la <b>reprogrammation moteur<\/b> dans tout le Haut\u2011Var, notamment autour de <b>Villecroze,<br> Salernes, Aups, Tourtour, Flayosc, Lorgues<\/b> et <b>Draguignan<\/b>.<br>\nQue vous soyez particulier ou professionnel,<br> nous intervenons rapidement dans l\u2019ensemble du <b>Var (83) <\/b>pour <b>optimiser les performances de votre v\u00e9hicule<\/b>.\n<\/div>\t\t\t\t<\/div>\n\t\t\t\t<div class=\"elementor-element elementor-element-86e6844 elementor-align-center elementor-widget elementor-widget-envo-extra-button\" data-id=\"86e6844\" data-element_type=\"widget\" data-e-type=\"widget\" data-widget_type=\"envo-extra-button.default\">\n\t\t\t\t<div class=\"elementor-widget-container\">\n\t\t\t\t\t\r\n\t\t<a  href=\"https:\/\/sap-focatrans.fr\/v2025\/nos-offres\" class=\"envo-extra-elementor-button envo-extra-elementor-button-animation-none envo-extra-align-icon-left\">\r\n\t\t<span class=\"envo-extra-elementor-button-inner\">\r\n\t\t\t\t\t\t\t<span class=\"envo-extra-elementor-button-media\"><svg aria-hidden=\"true\" class=\"e-font-icon-svg e-fas-angle-double-left\" viewBox=\"0 0 448 512\" xmlns=\"http:\/\/www.w3.org\/2000\/svg\"><path d=\"M223.7 239l136-136c9.4-9.4 24.6-9.4 33.9 0l22.6 22.6c9.4 9.4 9.4 24.6 0 33.9L319.9 256l96.4 96.4c9.4 9.4 9.4 24.6 0 33.9L393.7 409c-9.4 9.4-24.6 9.4-33.9 0l-136-136c-9.5-9.4-9.5-24.6-.1-34zm-192 34l136 136c9.4 9.4 24.6 9.4 33.9 0l22.6-22.6c9.4-9.4 9.4-24.6 0-33.9L127.9 256l96.4-96.4c9.4-9.4 9.4-24.6 0-33.9L201.7 103c-9.4-9.4-24.6-9.4-33.9 0l-136 136c-9.5 9.4-9.5 24.6-.1 34z\"><\/path><\/svg><\/span>\r\n\t\t\t\t\t\t<span class=\"envo-extra-button-text\">Retour \u00e0 nos services<\/span>\r\n\t\t<\/span>\r\n\t\t<\/a>\r\n\t\t\t\t\t\t<\/div>\n\t\t\t\t<\/div>\n\t\t\t\t\t<\/div>\n\t\t<\/div>\n\t\t\t\t\t<\/div>\n\t\t<\/section>\n\t\t\t\t\t<\/div>\n\t\t<\/div>\n\t\t\t\t\t<\/div>\n\t\t<\/section>\n\t\t\t\t<section class=\"elementor-section elementor-top-section elementor-element elementor-element-b715b06 elementor-section-boxed elementor-section-height-default elementor-section-height-default\" data-id=\"b715b06\" data-element_type=\"section\" data-e-type=\"section\" data-settings=\"{&quot;background_background&quot;:&quot;classic&quot;}\">\n\t\t\t\t\t\t<div class=\"elementor-container elementor-column-gap-no\">\n\t\t\t\t\t<div class=\"elementor-column elementor-col-50 elementor-top-column elementor-element elementor-element-43c2062\" data-id=\"43c2062\" data-element_type=\"column\" data-e-type=\"column\">\n\t\t\t<div class=\"elementor-widget-wrap elementor-element-populated\">\n\t\t\t\t\t\t<div class=\"elementor-element elementor-element-4acfa00 elementor-widget__width-initial elementor-widget elementor-widget-heading\" data-id=\"4acfa00\" data-element_type=\"widget\" data-e-type=\"widget\" data-widget_type=\"heading.default\">\n\t\t\t\t\t<h2 class=\"elementor-heading-title elementor-size-default\">Performance <b> sur mesure<\/b><\/h2>\t\t\t\t<\/div>\n\t\t\t\t<div class=\"elementor-element elementor-element-1db3dc7 elementor-widget-divider--view-line_icon elementor-widget__width-auto elementor-absolute elementor-view-default elementor-widget-divider--element-align-center elementor-widget elementor-widget-divider\" data-id=\"1db3dc7\" data-element_type=\"widget\" data-e-type=\"widget\" data-settings=\"{&quot;_position&quot;:&quot;absolute&quot;}\" data-widget_type=\"divider.default\">\n\t\t\t\t\t\t\t<div class=\"elementor-divider\">\n\t\t\t<span class=\"elementor-divider-separator\">\n\t\t\t\t\t\t\t<div class=\"elementor-icon elementor-divider__element\">\n\t\t\t\t\t<svg aria-hidden=\"true\" class=\"e-font-icon-svg e-fas-circle\" viewBox=\"0 0 512 512\" xmlns=\"http:\/\/www.w3.org\/2000\/svg\"><path d=\"M256 8C119 8 8 119 8 256s111 248 248 248 248-111 248-248S393 8 256 8z\"><\/path><\/svg><\/div>\n\t\t\t\t\t\t<\/span>\n\t\t<\/div>\n\t\t\t\t\t\t<\/div>\n\t\t\t\t<div class=\"elementor-element elementor-element-da7b28b elementor-widget-divider--view-line_icon elementor-widget__width-auto elementor-absolute elementor-view-default elementor-widget-divider--element-align-center elementor-widget elementor-widget-divider\" data-id=\"da7b28b\" data-element_type=\"widget\" data-e-type=\"widget\" data-settings=\"{&quot;_position&quot;:&quot;absolute&quot;}\" data-widget_type=\"divider.default\">\n\t\t\t\t\t\t\t<div class=\"elementor-divider\">\n\t\t\t<span class=\"elementor-divider-separator\">\n\t\t\t\t\t\t\t<div class=\"elementor-icon elementor-divider__element\">\n\t\t\t\t\t<svg aria-hidden=\"true\" class=\"e-font-icon-svg e-fas-circle\" viewBox=\"0 0 512 512\" xmlns=\"http:\/\/www.w3.org\/2000\/svg\"><path d=\"M256 8C119 8 8 119 8 256s111 248 248 248 248-111 248-248S393 8 256 8z\"><\/path><\/svg><\/div>\n\t\t\t\t\t\t<\/span>\n\t\t<\/div>\n\t\t\t\t\t\t<\/div>\n\t\t\t\t<div class=\"elementor-element elementor-element-7e73da7 elementor-widget elementor-widget-text-editor\" data-id=\"7e73da7\" data-element_type=\"widget\" data-e-type=\"widget\" data-widget_type=\"text-editor.default\">\n\t\t\t\t\t\t\t\t\t<p>Votre moteur a du potentiel\u2026 <strong>nous le r\u00e9v\u00e9lons<\/strong>. Gr\u00e2ce \u00e0 une reprogrammation pr\u00e9cise et ma\u00eetris\u00e9e, vous gagnez en puissance, en fluidit\u00e9 et en efficacit\u00e9. Moins de consommation, plus de plaisir de conduite : votre v\u00e9hicule devient l\u2019alli\u00e9 parfait de vos trajets, qu\u2019ils soient urbains, routiers ou sportifs.<\/p><p><strong>SAP FOCATRANS<\/strong>, c\u2019est l\u2019art d\u2019optimiser sans compromis, avec rigueur, passion\u2026 et des outils de pointe.<\/p>\t\t\t\t\t\t\t\t<\/div>\n\t\t\t\t<div class=\"elementor-element elementor-element-7e3186b elementor-widget__width-initial elementor-widget elementor-widget-heading\" data-id=\"7e3186b\" data-element_type=\"widget\" data-e-type=\"widget\" data-widget_type=\"heading.default\">\n\t\t\t\t\t<h3 class=\"elementor-heading-title elementor-size-default\">Qu\u2019est\u2011ce que la <b>reprogrammation moteur<\/b> ?\n<\/h3>\t\t\t\t<\/div>\n\t\t\t\t<div class=\"elementor-element elementor-element-9ea6ae5 elementor-widget elementor-widget-text-editor\" data-id=\"9ea6ae5\" data-element_type=\"widget\" data-e-type=\"widget\" data-widget_type=\"text-editor.default\">\n\t\t\t\t\t\t\t\t\t<p>La reprogrammation moteur consiste \u00e0 optimiser les param\u00e8tres du calculateur (ECU) afin d\u2019am\u00e9liorer le comportement du v\u00e9hicule.<br \/>Cette intervention agit sur la gestion de l\u2019air, du carburant et du turbo pour obtenir un moteur plus souple, plus r\u00e9actif et plus agr\u00e9able au quotidien, tout en respectant les limites m\u00e9caniques du constructeur.<\/p>\t\t\t\t\t\t\t\t<\/div>\n\t\t\t\t<div class=\"elementor-element elementor-element-033e3da elementor-widget__width-initial elementor-widget elementor-widget-heading\" data-id=\"033e3da\" data-element_type=\"widget\" data-e-type=\"widget\" data-widget_type=\"heading.default\">\n\t\t\t\t\t<h3 class=\"elementor-heading-title elementor-size-default\">Quels <b>gains<\/b> attendre d\u2019une reprogrammation ?\n\n<\/h3>\t\t\t\t<\/div>\n\t\t\t\t<div class=\"elementor-element elementor-element-b09f917 elementor-widget elementor-widget-text-editor\" data-id=\"b09f917\" data-element_type=\"widget\" data-e-type=\"widget\" data-widget_type=\"text-editor.default\">\n\t\t\t\t\t\t\t\t\t<p>Une optimisation bien r\u00e9alis\u00e9e permet :<\/p><ul><li>une <strong>meilleure acc\u00e9l\u00e9ration<\/strong><\/li><li>un <strong>couple plus pr\u00e9sent<\/strong> \u00e0 bas r\u00e9gime<\/li><li>une <strong>conduite plus fluide<\/strong><\/li><li>une <strong>r\u00e9duction de la consommation<\/strong> dans certains usages<\/li><li>une <strong>r\u00e9activit\u00e9 accrue<\/strong> lors des d\u00e9passements<\/li><\/ul><p>Les r\u00e9sultats varient selon le moteur, l\u2019\u00e9tat du v\u00e9hicule et son utilisation, mais l\u2019objectif reste toujours le m\u00eame : <strong>am\u00e9liorer l\u2019exp\u00e9rience de conduite en toute s\u00e9curit\u00e9<\/strong>.<\/p><p><!--EndFragment --><\/p>\t\t\t\t\t\t\t\t<\/div>\n\t\t\t\t<div class=\"elementor-element elementor-element-14754ba elementor-widget elementor-widget-image\" data-id=\"14754ba\" data-element_type=\"widget\" data-e-type=\"widget\" data-widget_type=\"image.default\">\n\t\t\t\t\t\t\t\t\t\t\t\t<figure class=\"wp-caption\">\n\t\t\t\t\t\t\t\t\t\t<img fetchpriority=\"high\" decoding=\"async\" width=\"847\" height=\"565\" src=\"https:\/\/i0.wp.com\/sap-focatrans.fr\/v2025\/wp-content\/uploads\/2025\/10\/auto-mechanic-using-laptop-cooperating-with-coworker-while-doing-car-diagnostic-repair-shop-scaled.jpg?fit=847%2C565&amp;ssl=1\" class=\"attachment-large size-large wp-image-1293\" alt=\"\" srcset=\"https:\/\/i0.wp.com\/sap-focatrans.fr\/v2025\/wp-content\/uploads\/2025\/10\/auto-mechanic-using-laptop-cooperating-with-coworker-while-doing-car-diagnostic-repair-shop-scaled.jpg?w=2560&amp;ssl=1 2560w, https:\/\/i0.wp.com\/sap-focatrans.fr\/v2025\/wp-content\/uploads\/2025\/10\/auto-mechanic-using-laptop-cooperating-with-coworker-while-doing-car-diagnostic-repair-shop-scaled.jpg?resize=300%2C200&amp;ssl=1 300w, https:\/\/i0.wp.com\/sap-focatrans.fr\/v2025\/wp-content\/uploads\/2025\/10\/auto-mechanic-using-laptop-cooperating-with-coworker-while-doing-car-diagnostic-repair-shop-scaled.jpg?resize=1024%2C683&amp;ssl=1 1024w, https:\/\/i0.wp.com\/sap-focatrans.fr\/v2025\/wp-content\/uploads\/2025\/10\/auto-mechanic-using-laptop-cooperating-with-coworker-while-doing-car-diagnostic-repair-shop-scaled.jpg?resize=768%2C512&amp;ssl=1 768w, https:\/\/i0.wp.com\/sap-focatrans.fr\/v2025\/wp-content\/uploads\/2025\/10\/auto-mechanic-using-laptop-cooperating-with-coworker-while-doing-car-diagnostic-repair-shop-scaled.jpg?resize=1536%2C1024&amp;ssl=1 1536w, https:\/\/i0.wp.com\/sap-focatrans.fr\/v2025\/wp-content\/uploads\/2025\/10\/auto-mechanic-using-laptop-cooperating-with-coworker-while-doing-car-diagnostic-repair-shop-scaled.jpg?resize=2048%2C1365&amp;ssl=1 2048w, https:\/\/i0.wp.com\/sap-focatrans.fr\/v2025\/wp-content\/uploads\/2025\/10\/auto-mechanic-using-laptop-cooperating-with-coworker-while-doing-car-diagnostic-repair-shop-scaled.jpg?w=1694&amp;ssl=1 1694w\" sizes=\"(max-width: 847px) 100vw, 847px\" \/>\t\t\t\t\t\t\t\t\t\t\t<figcaption class=\"widget-image-caption wp-caption-text\">SAP Focatrans - Reprogrammation Moteur Var<\/figcaption>\n\t\t\t\t\t\t\t\t\t\t<\/figure>\n\t\t\t\t\t\t\t\t\t<\/div>\n\t\t\t\t<div class=\"elementor-element elementor-element-26036f3 elementor-widget__width-initial elementor-widget elementor-widget-heading\" data-id=\"26036f3\" data-element_type=\"widget\" data-e-type=\"widget\" data-widget_type=\"heading.default\">\n\t\t\t\t\t<h2 class=\"elementor-heading-title elementor-size-default\">Garantie <b>satisfaction<\/b><\/h2>\t\t\t\t<\/div>\n\t\t\t\t<div class=\"elementor-element elementor-element-ab72a50 elementor-widget elementor-widget-text-editor\" data-id=\"ab72a50\" data-element_type=\"widget\" data-e-type=\"widget\" data-widget_type=\"text-editor.default\">\n\t\t\t\t\t\t\t\t\t<p><!--StartFragment --><\/p><p>Nous proposons une <strong>garantie satisfaction<\/strong> sur chaque reprogrammation :<br \/>si le r\u00e9sultat ne correspond pas \u00e0 vos attentes, nous r\u00e9tablissons gratuitement la configuration d\u2019origine.<br \/>Votre tranquillit\u00e9 d\u2019esprit est notre priorit\u00e9.<\/p><p><!--EndFragment --><\/p>\t\t\t\t\t\t\t\t<\/div>\n\t\t\t\t<div class=\"elementor-element elementor-element-7d6a472 elementor-widget__width-initial elementor-widget elementor-widget-heading\" data-id=\"7d6a472\" data-element_type=\"widget\" data-e-type=\"widget\" data-widget_type=\"heading.default\">\n\t\t\t\t\t<h2 class=\"elementor-heading-title elementor-size-default\">Intervention <b>sur mesure<\/b><\/h2>\t\t\t\t<\/div>\n\t\t\t\t<div class=\"elementor-element elementor-element-7cb5034 elementor-widget elementor-widget-text-editor\" data-id=\"7cb5034\" data-element_type=\"widget\" data-e-type=\"widget\" data-widget_type=\"text-editor.default\">\n\t\t\t\t\t\t\t\t\t<p>Chaque reprogrammation est pr\u00e9c\u00e9d\u00e9e d\u2019un <strong>diagnostic complet<\/strong> et r\u00e9alis\u00e9e avec des <strong>outils certifi\u00e9s<\/strong>, dont les logiciels professionnels <strong>Flex Magicmotorsport<\/strong> et <strong>Flex Flash<\/strong>. Nous intervenons sur une large gamme de v\u00e9hicules : particuliers ou utilitaires, essence ou diesel, avec une approche personnalis\u00e9e et s\u00e9curis\u00e9e.<\/p>\t\t\t\t\t\t\t\t<\/div>\n\t\t\t\t\t<\/div>\n\t\t<\/div>\n\t\t\t\t<div class=\"elementor-column elementor-col-50 elementor-top-column elementor-element elementor-element-14207db\" data-id=\"14207db\" data-element_type=\"column\" data-e-type=\"column\">\n\t\t\t<div class=\"elementor-widget-wrap elementor-element-populated\">\n\t\t\t\t\t\t<div class=\"elementor-element elementor-element-4360257 elementor-widget__width-initial elementor-widget elementor-widget-heading\" data-id=\"4360257\" data-element_type=\"widget\" data-e-type=\"widget\" data-widget_type=\"heading.default\">\n\t\t\t\t\t<h3 class=\"elementor-heading-title elementor-size-default\">V\u00e9hicules <b>compatibles<\/b>\n\n<\/h3>\t\t\t\t<\/div>\n\t\t\t\t<div class=\"elementor-element elementor-element-4adf26f elementor-widget elementor-widget-text-editor\" data-id=\"4adf26f\" data-element_type=\"widget\" data-e-type=\"widget\" data-widget_type=\"text-editor.default\">\n\t\t\t\t\t\t\t\t\t<p>Nous r\u00e9alisons la reprogrammation sur :<\/p><ul><li>moteurs <strong>essence<\/strong><\/li><li>moteurs <strong>diesel<\/strong><\/li><li><strong>utilitaires<\/strong> et v\u00e9hicules professionnels<\/li><li>4&#215;4, SUV, crossovers<\/li><li>v\u00e9hicules r\u00e9cents ou plus anciens (selon compatibilit\u00e9 ECU)<\/li><\/ul><p><!--EndFragment --><\/p><p><!--EndFragment --><\/p>\t\t\t\t\t\t\t\t<\/div>\n\t\t\t\t<div class=\"elementor-element elementor-element-5ed15a4 elementor-widget__width-initial elementor-widget elementor-widget-heading\" data-id=\"5ed15a4\" data-element_type=\"widget\" data-e-type=\"widget\" data-widget_type=\"heading.default\">\n\t\t\t\t\t<h3 class=\"elementor-heading-title elementor-size-default\"><b>S\u00e9curit\u00e9, fiabilit\u00e9 et conformit\u00e9<\/b>\n\n\n<\/h3>\t\t\t\t<\/div>\n\t\t\t\t<div class=\"elementor-element elementor-element-f918a6b elementor-widget elementor-widget-text-editor\" data-id=\"f918a6b\" data-element_type=\"widget\" data-e-type=\"widget\" data-widget_type=\"text-editor.default\">\n\t\t\t\t\t\t\t\t\t<p><!--StartFragment --><\/p><p>Chaque reprogrammation est effectu\u00e9e dans le respect :<\/p><ul><li>des <strong>tol\u00e9rances m\u00e9caniques<\/strong> du constructeur<\/li><li>des <strong>normes de s\u00e9curit\u00e9<\/strong><\/li><li>de la <strong>fiabilit\u00e9 \u00e0 long terme<\/strong> du moteur<\/li><li>des sp\u00e9cificit\u00e9s \u00e9lectroniques de chaque mod\u00e8le<\/li><\/ul><p><!--StartFragment --><\/p><p>Nous n\u2019appliquons jamais de r\u00e9glages extr\u00eames : l\u2019objectif est une optimisation <strong>durable<\/strong>, <strong>fiable<\/strong> et <strong>adapt\u00e9e<\/strong> \u00e0 votre v\u00e9hicule<\/p><p><!--EndFragment --><\/p><p><!--EndFragment --><\/p>\t\t\t\t\t\t\t\t<\/div>\n\t\t\t\t<div class=\"elementor-element elementor-element-f68db6d elementor-widget__width-initial elementor-widget elementor-widget-heading\" data-id=\"f68db6d\" data-element_type=\"widget\" data-e-type=\"widget\" data-widget_type=\"heading.default\">\n\t\t\t\t\t<h3 class=\"elementor-heading-title elementor-size-default\">Nos prestations en <b>reprogrammation moteur<\/b><\/h3>\t\t\t\t<\/div>\n\t\t\t\t<div class=\"elementor-element elementor-element-7b9db0e elementor-widget elementor-widget-text-editor\" data-id=\"7b9db0e\" data-element_type=\"widget\" data-e-type=\"widget\" data-widget_type=\"text-editor.default\">\n\t\t\t\t\t\t\t\t\t<p><strong>Immo Off<\/strong>\u00a0<br \/>Vous avez remplac\u00e9 ou r\u00e9par\u00e9 votre calculateur moteur ? Nous d\u00e9sactivons le syst\u00e8me d\u2019antid\u00e9marrage (immobilizer) lorsque n\u00e9cessaire, pour permettre un red\u00e9marrage sans blocage, tout en respectant les normes de s\u00e9curit\u00e9.<\/p><p><strong>Clonage de calculateur<\/strong>\u00a0<br \/>En cas de panne ou de remplacement, nous clonons votre calculateur moteur \u00e0 l\u2019identique. Cette op\u00e9ration garantit une continuit\u00e9 parfaite des donn\u00e9es et des performances, sans reprogrammation complexe.<\/p><p><strong>Solutions FAP \/ EGR \/ AdBlue<\/strong>\u00a0<br \/>Nous proposons des solutions adapt\u00e9es pour les syst\u00e8mes antipollution : filtre \u00e0 particules (FAP), vanne EGR et syst\u00e8me AdBlue. Que ce soit pour corriger des dysfonctionnements ou optimiser le fonctionnement, notre approche reste conforme aux exigences techniques et environnementales.<\/p><p><strong>Stage 1<\/strong>\u00a0<br \/>Envie de booster les performances de votre v\u00e9hicule ? Le Stage 1 est une reprogrammation moteur personnalis\u00e9e qui augmente la puissance et le couple, tout en respectant les tol\u00e9rances constructeur. Id\u00e9al pour une conduite plus dynamique et r\u00e9active.<\/p><p><strong>Conversion \u00c9thanol E85<\/strong>\u00a0<br \/>Passez \u00e0 une \u00e9nergie plus \u00e9conomique et \u00e9cologique. Nous reprogrammons votre moteur pour qu\u2019il fonctionne avec du bio\u00e9thanol E85, tout en assurant fiabilit\u00e9, compatibilit\u00e9 et confort de conduite. Une solution durable pour r\u00e9duire vos co\u00fbts de carburant.<\/p>\t\t\t\t\t\t\t\t<\/div>\n\t\t\t\t<div class=\"elementor-element elementor-element-0812db0 elementor-widget elementor-widget-google_maps\" data-id=\"0812db0\" data-element_type=\"widget\" data-e-type=\"widget\" data-widget_type=\"google_maps.default\">\n\t\t\t\t\t\t\t<div class=\"elementor-custom-embed\">\n\t\t\t<iframe loading=\"lazy\"\n\t\t\t\t\tsrc=\"https:\/\/maps.google.com\/maps?q=1926%20Route%20de%20Barbebelle%2083690%20VILLECROZE%20-%20France&#038;t=m&#038;z=9&#038;output=embed&#038;iwloc=near\"\n\t\t\t\t\ttitle=\"1926 Route de Barbebelle 83690 VILLECROZE - France\"\n\t\t\t\t\taria-label=\"1926 Route de Barbebelle 83690 VILLECROZE - France\"\n\t\t\t><\/iframe>\n\t\t<\/div>\n\t\t\t\t\t\t<\/div>\n\t\t\t\t\t<\/div>\n\t\t<\/div>\n\t\t\t\t\t<\/div>\n\t\t<\/section>\n\t\t\t\t<section class=\"elementor-section elementor-top-section elementor-element elementor-element-5bbc835 elementor-section-content-middle elementor-section-boxed elementor-section-height-default elementor-section-height-default\" data-id=\"5bbc835\" data-element_type=\"section\" data-e-type=\"section\" data-settings=\"{&quot;background_background&quot;:&quot;classic&quot;,&quot;shape_divider_top&quot;:&quot;tilt&quot;}\">\n\t\t\t\t\t\t\t<div class=\"elementor-background-overlay\"><\/div>\n\t\t\t\t\t\t<div class=\"elementor-shape elementor-shape-top\" aria-hidden=\"true\" data-negative=\"false\">\n\t\t\t<svg xmlns=\"http:\/\/www.w3.org\/2000\/svg\" viewBox=\"0 0 1000 100\" preserveAspectRatio=\"none\">\n\t<path class=\"elementor-shape-fill\" d=\"M0,6V0h1000v100L0,6z\"\/>\n<\/svg>\t\t<\/div>\n\t\t\t\t\t<div class=\"elementor-container elementor-column-gap-default\">\n\t\t\t\t\t<div class=\"elementor-column elementor-col-100 elementor-top-column elementor-element elementor-element-c1533f8\" data-id=\"c1533f8\" data-element_type=\"column\" data-e-type=\"column\">\n\t\t\t<div class=\"elementor-widget-wrap elementor-element-populated\">\n\t\t\t\t\t\t<div class=\"elementor-element elementor-element-f3af4c4 elementor-widget elementor-widget-heading\" data-id=\"f3af4c4\" data-element_type=\"widget\" data-e-type=\"widget\" data-widget_type=\"heading.default\">\n\t\t\t\t\t<h2 class=\"elementor-heading-title elementor-size-default\">&nbsp;<\/h2>\t\t\t\t<\/div>\n\t\t\t\t\t<\/div>\n\t\t<\/div>\n\t\t\t\t\t<\/div>\n\t\t<\/section>\n\t\t\t\t<\/div>\n\t\t","protected":false},"excerpt":{"rendered":"<p>Reprogrammation moteur Var &#8211; Villecroze Optimisation de Performance Reprogrammation moteur Var ? SAP Focatrans est l\u00e0 ! Nous r\u00e9alisons la reprogrammation moteur dans tout le Haut\u2011Var, notamment autour de Villecroze, Salernes, Aups, Tourtour, Flayosc, Lorgues&hellip;<\/p>\n","protected":false},"author":1,"featured_media":0,"parent":0,"menu_order":0,"comment_status":"closed","ping_status":"closed","template":"template-parts\/template-page-builders.php","meta":{"om_disable_all_campaigns":false,"_monsterinsights_skip_tracking":false,"_monsterinsights_sitenote_active":false,"_monsterinsights_sitenote_note":"","_monsterinsights_sitenote_category":0,"footnotes":""},"class_list":["post-1291","page","type-page","status-publish","hentry"],"aioseo_notices":[],"jetpack_sharing_enabled":true,"_links":{"self":[{"href":"https:\/\/sap-focatrans.fr\/v2025\/wp-json\/wp\/v2\/pages\/1291","targetHints":{"allow":["GET"]}}],"collection":[{"href":"https:\/\/sap-focatrans.fr\/v2025\/wp-json\/wp\/v2\/pages"}],"about":[{"href":"https:\/\/sap-focatrans.fr\/v2025\/wp-json\/wp\/v2\/types\/page"}],"author":[{"embeddable":true,"href":"https:\/\/sap-focatrans.fr\/v2025\/wp-json\/wp\/v2\/users\/1"}],"replies":[{"embeddable":true,"href":"https:\/\/sap-focatrans.fr\/v2025\/wp-json\/wp\/v2\/comments?post=1291"}],"version-history":[{"count":38,"href":"https:\/\/sap-focatrans.fr\/v2025\/wp-json\/wp\/v2\/pages\/1291\/revisions"}],"predecessor-version":[{"id":1760,"href":"https:\/\/sap-focatrans.fr\/v2025\/wp-json\/wp\/v2\/pages\/1291\/revisions\/1760"}],"wp:attachment":[{"href":"https:\/\/sap-focatrans.fr\/v2025\/wp-json\/wp\/v2\/media?parent=1291"}],"curies":[{"name":"wp","href":"https:\/\/api.w.org\/{rel}","templated":true}]}}