{"id":1229,"date":"2025-10-18T11:33:59","date_gmt":"2025-10-18T09:33:59","guid":{"rendered":"https:\/\/sap-focatrans.fr\/v2025\/?page_id=1229"},"modified":"2026-04-02T11:05:55","modified_gmt":"2026-04-02T09:05:55","slug":"serrurier-automobile-var","status":"publish","type":"page","link":"https:\/\/sap-focatrans.fr\/v2025\/serrurier-automobile-var\/","title":{"rendered":"Serrurier automobile Var &#8211; Villecroze"},"content":{"rendered":"\t\t<div data-elementor-type=\"wp-post\" data-elementor-id=\"1229\" class=\"elementor elementor-1229\">\n\t\t\t\t\t\t<section class=\"elementor-section elementor-top-section elementor-element elementor-element-224b9b6 elementor-section-full_width elementor-section-height-default elementor-section-height-default\" data-id=\"224b9b6\" data-element_type=\"section\" data-e-type=\"section\" data-settings=\"{&quot;background_background&quot;:&quot;classic&quot;,&quot;shape_divider_bottom&quot;:&quot;tilt&quot;}\">\n\t\t\t\t\t\t\t<div class=\"elementor-background-overlay\"><\/div>\n\t\t\t\t\t\t<div class=\"elementor-shape elementor-shape-bottom\" aria-hidden=\"true\" data-negative=\"false\">\n\t\t\t<svg xmlns=\"http:\/\/www.w3.org\/2000\/svg\" viewBox=\"0 0 1000 100\" preserveAspectRatio=\"none\">\n\t<path class=\"elementor-shape-fill\" d=\"M0,6V0h1000v100L0,6z\"\/>\n<\/svg>\t\t<\/div>\n\t\t\t\t\t<div class=\"elementor-container elementor-column-gap-default\">\n\t\t\t\t\t<div class=\"elementor-column elementor-col-100 elementor-top-column elementor-element elementor-element-d0f980b\" data-id=\"d0f980b\" data-element_type=\"column\" data-e-type=\"column\">\n\t\t\t<div class=\"elementor-widget-wrap elementor-element-populated\">\n\t\t\t\t\t\t<section class=\"elementor-section elementor-inner-section elementor-element elementor-element-231d5ba elementor-section-boxed elementor-section-height-default elementor-section-height-default\" data-id=\"231d5ba\" data-element_type=\"section\" data-e-type=\"section\">\n\t\t\t\t\t\t<div class=\"elementor-container elementor-column-gap-default\">\n\t\t\t\t\t<div class=\"elementor-column elementor-col-100 elementor-inner-column elementor-element elementor-element-2c9489b\" data-id=\"2c9489b\" data-element_type=\"column\" data-e-type=\"column\">\n\t\t\t<div class=\"elementor-widget-wrap elementor-element-populated\">\n\t\t\t\t\t\t<div class=\"elementor-element elementor-element-2d06514 elementor-widget elementor-widget-heading\" data-id=\"2d06514\" data-element_type=\"widget\" data-e-type=\"widget\" data-widget_type=\"heading.default\">\n\t\t\t\t\t<h2 class=\"elementor-heading-title elementor-size-default\">Serrurerie automobile<\/h2>\t\t\t\t<\/div>\n\t\t\t\t<div class=\"elementor-element elementor-element-791cb1e elementor-widget elementor-widget-heading\" data-id=\"791cb1e\" data-element_type=\"widget\" data-e-type=\"widget\" data-widget_type=\"heading.default\">\n\t\t\t\t\t<div class=\"elementor-heading-title elementor-size-default\">Quel <strong>serrurier automobile dans le Var<\/strong> appeler ?<br>\n<strong>SAP Focatrans<\/strong> bien s\u00fbr !<br><br>\nSAP Focatrans intervient dans tout le <strong>Haut\u2011Var<\/strong>, notamment autour de <strong>Villecroze, <br>Salernes, Aups, Tourtour, Flayosc, Lorgues<\/strong> et <strong>Draguignan<\/strong>.<br>\nQue vous soyez r\u00e9sident, professionnel ou de passage dans la r\u00e9gion,<br>nous assurons une prise en charge rapide et fiable pour toute demande de <strong>serrurerie automobile<\/strong>.<\/div>\t\t\t\t<\/div>\n\t\t\t\t<div class=\"elementor-element elementor-element-86e6844 elementor-align-center elementor-widget elementor-widget-envo-extra-button\" data-id=\"86e6844\" data-element_type=\"widget\" data-e-type=\"widget\" data-widget_type=\"envo-extra-button.default\">\n\t\t\t\t<div class=\"elementor-widget-container\">\n\t\t\t\t\t\r\n\t\t<a  href=\"https:\/\/sap-focatrans.fr\/v2025\/nos-offres\" class=\"envo-extra-elementor-button envo-extra-elementor-button-animation-none envo-extra-align-icon-left\">\r\n\t\t<span class=\"envo-extra-elementor-button-inner\">\r\n\t\t\t\t\t\t\t<span class=\"envo-extra-elementor-button-media\"><svg aria-hidden=\"true\" class=\"e-font-icon-svg e-fas-angle-double-left\" viewBox=\"0 0 448 512\" xmlns=\"http:\/\/www.w3.org\/2000\/svg\"><path d=\"M223.7 239l136-136c9.4-9.4 24.6-9.4 33.9 0l22.6 22.6c9.4 9.4 9.4 24.6 0 33.9L319.9 256l96.4 96.4c9.4 9.4 9.4 24.6 0 33.9L393.7 409c-9.4 9.4-24.6 9.4-33.9 0l-136-136c-9.5-9.4-9.5-24.6-.1-34zm-192 34l136 136c9.4 9.4 24.6 9.4 33.9 0l22.6-22.6c9.4-9.4 9.4-24.6 0-33.9L127.9 256l96.4-96.4c9.4-9.4 9.4-24.6 0-33.9L201.7 103c-9.4-9.4-24.6-9.4-33.9 0l-136 136c-9.5 9.4-9.5 24.6-.1 34z\"><\/path><\/svg><\/span>\r\n\t\t\t\t\t\t<span class=\"envo-extra-button-text\">Retour \u00e0 nos services<\/span>\r\n\t\t<\/span>\r\n\t\t<\/a>\r\n\t\t\t\t\t\t<\/div>\n\t\t\t\t<\/div>\n\t\t\t\t\t<\/div>\n\t\t<\/div>\n\t\t\t\t\t<\/div>\n\t\t<\/section>\n\t\t\t\t\t<\/div>\n\t\t<\/div>\n\t\t\t\t\t<\/div>\n\t\t<\/section>\n\t\t\t\t<section class=\"elementor-section elementor-top-section elementor-element elementor-element-b715b06 elementor-section-boxed elementor-section-height-default elementor-section-height-default\" data-id=\"b715b06\" data-element_type=\"section\" data-e-type=\"section\" data-settings=\"{&quot;background_background&quot;:&quot;classic&quot;}\">\n\t\t\t\t\t\t<div class=\"elementor-container elementor-column-gap-no\">\n\t\t\t\t\t<div class=\"elementor-column elementor-col-50 elementor-top-column elementor-element elementor-element-43c2062\" data-id=\"43c2062\" data-element_type=\"column\" data-e-type=\"column\">\n\t\t\t<div class=\"elementor-widget-wrap elementor-element-populated\">\n\t\t\t\t\t\t<div class=\"elementor-element elementor-element-4acfa00 elementor-widget__width-initial elementor-widget elementor-widget-heading\" data-id=\"4acfa00\" data-element_type=\"widget\" data-e-type=\"widget\" data-widget_type=\"heading.default\">\n\t\t\t\t\t<h2 class=\"elementor-heading-title elementor-size-default\">Rapidit\u00e9, pr\u00e9cision, tranquillit\u00e9\u200b<\/h2>\t\t\t\t<\/div>\n\t\t\t\t<div class=\"elementor-element elementor-element-1db3dc7 elementor-widget-divider--view-line_icon elementor-widget__width-auto elementor-absolute elementor-view-default elementor-widget-divider--element-align-center elementor-widget elementor-widget-divider\" data-id=\"1db3dc7\" data-element_type=\"widget\" data-e-type=\"widget\" data-settings=\"{&quot;_position&quot;:&quot;absolute&quot;}\" data-widget_type=\"divider.default\">\n\t\t\t\t\t\t\t<div class=\"elementor-divider\">\n\t\t\t<span class=\"elementor-divider-separator\">\n\t\t\t\t\t\t\t<div class=\"elementor-icon elementor-divider__element\">\n\t\t\t\t\t<svg aria-hidden=\"true\" class=\"e-font-icon-svg e-fas-circle\" viewBox=\"0 0 512 512\" xmlns=\"http:\/\/www.w3.org\/2000\/svg\"><path d=\"M256 8C119 8 8 119 8 256s111 248 248 248 248-111 248-248S393 8 256 8z\"><\/path><\/svg><\/div>\n\t\t\t\t\t\t<\/span>\n\t\t<\/div>\n\t\t\t\t\t\t<\/div>\n\t\t\t\t<div class=\"elementor-element elementor-element-da7b28b elementor-widget-divider--view-line_icon elementor-widget__width-auto elementor-absolute elementor-view-default elementor-widget-divider--element-align-center elementor-widget elementor-widget-divider\" data-id=\"da7b28b\" data-element_type=\"widget\" data-e-type=\"widget\" data-settings=\"{&quot;_position&quot;:&quot;absolute&quot;}\" data-widget_type=\"divider.default\">\n\t\t\t\t\t\t\t<div class=\"elementor-divider\">\n\t\t\t<span class=\"elementor-divider-separator\">\n\t\t\t\t\t\t\t<div class=\"elementor-icon elementor-divider__element\">\n\t\t\t\t\t<svg aria-hidden=\"true\" class=\"e-font-icon-svg e-fas-circle\" viewBox=\"0 0 512 512\" xmlns=\"http:\/\/www.w3.org\/2000\/svg\"><path d=\"M256 8C119 8 8 119 8 256s111 248 248 248 248-111 248-248S393 8 256 8z\"><\/path><\/svg><\/div>\n\t\t\t\t\t\t<\/span>\n\t\t<\/div>\n\t\t\t\t\t\t<\/div>\n\t\t\t\t<div class=\"elementor-element elementor-element-7e73da7 elementor-widget elementor-widget-text-editor\" data-id=\"7e73da7\" data-element_type=\"widget\" data-e-type=\"widget\" data-widget_type=\"text-editor.default\">\n\t\t\t\t\t\t\t\t\t<p>Une cl\u00e9 \u00e9gar\u00e9e, une porte bloqu\u00e9e, un acc\u00e8s impossible ? Chez <strong>SAP FOCATRANS<\/strong>, nous savons que chaque minute compte. Nos serruriers automobiles interviennent rapidement, sur place, avec professionnalisme et sans dommages.<\/p>\n<p>Gr\u00e2ce \u00e0 notre expertise technique et \u00e0 notre mat\u00e9riel de pointe, votre v\u00e9hicule retrouve son acc\u00e8s en un clin d\u2019\u0153il. Fini le stress, place \u00e0 la s\u00e9r\u00e9nit\u00e9.<\/p>\n<p><strong>SAP FOCATRANS<\/strong>, c\u2019est la s\u00e9curit\u00e9 retrouv\u00e9e\u2026 sans d\u00e9tour.<br \/><br \/><\/p>\t\t\t\t\t\t\t\t<\/div>\n\t\t\t\t<div class=\"elementor-element elementor-element-14754ba elementor-widget elementor-widget-image\" data-id=\"14754ba\" data-element_type=\"widget\" data-e-type=\"widget\" data-widget_type=\"image.default\">\n\t\t\t\t\t\t\t\t\t\t\t\t<figure class=\"wp-caption\">\n\t\t\t\t\t\t\t\t\t\t<img fetchpriority=\"high\" decoding=\"async\" width=\"847\" height=\"604\" src=\"https:\/\/i0.wp.com\/sap-focatrans.fr\/v2025\/wp-content\/uploads\/2025\/10\/transportation-ownership-concept-man-with-car-key-outside-scaled.jpg?fit=847%2C604&amp;ssl=1\" class=\"attachment-large size-large wp-image-1231\" alt=\"\" srcset=\"https:\/\/i0.wp.com\/sap-focatrans.fr\/v2025\/wp-content\/uploads\/2025\/10\/transportation-ownership-concept-man-with-car-key-outside-scaled.jpg?w=2560&amp;ssl=1 2560w, https:\/\/i0.wp.com\/sap-focatrans.fr\/v2025\/wp-content\/uploads\/2025\/10\/transportation-ownership-concept-man-with-car-key-outside-scaled.jpg?resize=300%2C214&amp;ssl=1 300w, https:\/\/i0.wp.com\/sap-focatrans.fr\/v2025\/wp-content\/uploads\/2025\/10\/transportation-ownership-concept-man-with-car-key-outside-scaled.jpg?resize=1024%2C730&amp;ssl=1 1024w, https:\/\/i0.wp.com\/sap-focatrans.fr\/v2025\/wp-content\/uploads\/2025\/10\/transportation-ownership-concept-man-with-car-key-outside-scaled.jpg?resize=768%2C547&amp;ssl=1 768w, https:\/\/i0.wp.com\/sap-focatrans.fr\/v2025\/wp-content\/uploads\/2025\/10\/transportation-ownership-concept-man-with-car-key-outside-scaled.jpg?resize=1536%2C1095&amp;ssl=1 1536w, https:\/\/i0.wp.com\/sap-focatrans.fr\/v2025\/wp-content\/uploads\/2025\/10\/transportation-ownership-concept-man-with-car-key-outside-scaled.jpg?resize=2048%2C1460&amp;ssl=1 2048w, https:\/\/i0.wp.com\/sap-focatrans.fr\/v2025\/wp-content\/uploads\/2025\/10\/transportation-ownership-concept-man-with-car-key-outside-scaled.jpg?w=1694&amp;ssl=1 1694w\" sizes=\"(max-width: 847px) 100vw, 847px\" \/>\t\t\t\t\t\t\t\t\t\t\t<figcaption class=\"widget-image-caption wp-caption-text\">SAP Focatrans - Serrurier Automobile Var<\/figcaption>\n\t\t\t\t\t\t\t\t\t\t<\/figure>\n\t\t\t\t\t\t\t\t\t<\/div>\n\t\t\t\t<div class=\"elementor-element elementor-element-26036f3 elementor-widget__width-initial elementor-widget elementor-widget-heading\" data-id=\"26036f3\" data-element_type=\"widget\" data-e-type=\"widget\" data-widget_type=\"heading.default\">\n\t\t\t\t\t<h2 class=\"elementor-heading-title elementor-size-default\">Intervention <b>rapide<\/b><\/h2>\t\t\t\t<\/div>\n\t\t\t\t<div class=\"elementor-element elementor-element-7cb5034 elementor-widget elementor-widget-text-editor\" data-id=\"7cb5034\" data-element_type=\"widget\" data-e-type=\"widget\" data-widget_type=\"text-editor.default\">\n\t\t\t\t\t\t\t\t\t<p>Nos \u00e9quipes mobiles se d\u00e9placent dans toute la r\u00e9gion, <strong>\u00e0 domicile, sur votre lieu de travail ou en bord de route, dans tout le Haut Var<\/strong>, selon ce qui vous arrange. Disponibles <strong>7j\/7<\/strong>, nous vous garantissons une prise en charge rapide, efficace et adapt\u00e9e \u00e0 votre situation.<\/p><p>D\u00e9placement optimis\u00e9 autour de Villecroze et des communes voisines<\/p>\t\t\t\t\t\t\t\t<\/div>\n\t\t\t\t\t<\/div>\n\t\t<\/div>\n\t\t\t\t<div class=\"elementor-column elementor-col-50 elementor-top-column elementor-element elementor-element-14207db\" data-id=\"14207db\" data-element_type=\"column\" data-e-type=\"column\">\n\t\t\t<div class=\"elementor-widget-wrap elementor-element-populated\">\n\t\t\t\t\t\t<div class=\"elementor-element elementor-element-307a279 elementor-widget__width-initial elementor-widget elementor-widget-heading\" data-id=\"307a279\" data-element_type=\"widget\" data-e-type=\"widget\" data-widget_type=\"heading.default\">\n\t\t\t\t\t<h3 class=\"elementor-heading-title elementor-size-default\"><b>Interventions &amp; M\u00e9thodes<\/b><\/h3>\t\t\t\t<\/div>\n\t\t\t\t<div class=\"elementor-element elementor-element-e6318bc elementor-widget elementor-widget-text-editor\" data-id=\"e6318bc\" data-element_type=\"widget\" data-e-type=\"widget\" data-widget_type=\"text-editor.default\">\n\t\t\t\t\t\t\t\t\t<p>Nous prenons en charge tous types de v\u00e9hicules : <strong>voitures<\/strong>, <strong>utilitaires<\/strong>, <strong>4&#215;4<\/strong>, <strong>motos<\/strong> et <strong>camping\u2011cars<\/strong>.<\/p><h4>Situations prises en charge<\/h4><ul><li><strong>Cl\u00e9 perdue<\/strong> ou introuvable<\/li><li><strong>Cl\u00e9 cass\u00e9e<\/strong> dans la serrure ou dans le contact<\/li><li><strong>Porte bloqu\u00e9e<\/strong> ou verrouillage automatique<\/li><li><strong>T\u00e9l\u00e9commande HS<\/strong> ou non reconnue<\/li><li><strong>Cl\u00e9 coinc\u00e9e<\/strong>, tordue ou illisible<\/li><\/ul><h4>M\u00e9thodes professionnelles<\/h4><ul><li><strong>Ouverture sans d\u00e9g\u00e2ts<\/strong> gr\u00e2ce \u00e0 des outils sp\u00e9cialis\u00e9s<\/li><li>Techniques adapt\u00e9es \u00e0 chaque marque et mod\u00e8le<\/li><li>Diagnostic rapide et s\u00e9curis\u00e9<\/li><li>Respect des syst\u00e8mes \u00e9lectroniques modernes<\/li><\/ul><p><!--EndFragment --><\/p>\t\t\t\t\t\t\t\t<\/div>\n\t\t\t\t<div class=\"elementor-element elementor-element-f68db6d elementor-widget__width-initial elementor-widget elementor-widget-heading\" data-id=\"f68db6d\" data-element_type=\"widget\" data-e-type=\"widget\" data-widget_type=\"heading.default\">\n\t\t\t\t\t<h3 class=\"elementor-heading-title elementor-size-default\">Nos services de <b>serrurerie automobile<\/b><\/h3>\t\t\t\t<\/div>\n\t\t\t\t<div class=\"elementor-element elementor-element-7b9db0e elementor-widget elementor-widget-text-editor\" data-id=\"7b9db0e\" data-element_type=\"widget\" data-e-type=\"widget\" data-widget_type=\"text-editor.default\">\n\t\t\t\t\t\t\t\t\t<p><strong>Double de cl\u00e9s<\/strong> <br \/>R\u00e9alisation de doubles pour la majorit\u00e9 des v\u00e9hicules, avec ou sans puce \u00e9lectronique. Une copie fiable, fonctionnelle, pr\u00eate \u00e0 l\u2019emploi.<\/p><p><strong>Taillage de lame<\/strong> <br \/>Taillage pr\u00e9cis et ajust\u00e9 au barillet de votre v\u00e9hicule, pour une insertion fluide et une ouverture sans accroc.<\/p><p><strong>Clonage de cl\u00e9 simple<\/strong> <br \/>Cl\u00e9s sans transpondeur ? Nous proposons un clonage rapide et op\u00e9rationnel, sans d\u00e9lai ni complication.<\/p><p><strong>Transpondeur<\/strong> <br \/>Programmation ou remplacement de puces \u00e9lectroniques pour un d\u00e9marrage s\u00e9curis\u00e9 et sans faille.<\/p><p><strong>Perte totale<\/strong> <br \/>Plus aucune cl\u00e9 en votre possession ? Nous recr\u00e9ons une cl\u00e9 compl\u00e8te, m\u00eame sans mod\u00e8le, gr\u00e2ce \u00e0 nos outils de diagnostic avanc\u00e9s.<\/p><p><strong>Ouverture de porte<\/strong> <br \/>Porte verrouill\u00e9e, cl\u00e9 \u00e0 l\u2019int\u00e9rieur ou m\u00e9canisme bloqu\u00e9 ? Ouverture propre, rapide et ma\u00eetris\u00e9e, sans dommage.<\/p><p><strong>Programmation de t\u00e9l\u00e9commande<\/strong> <br \/>T\u00e9l\u00e9commande d\u00e9fectueuse ou nouvelle \u00e0 programmer ? Nous assurons toutes les fonctions : verrouillage, d\u00e9marrage \u00e0 distance, etc.<\/p>\t\t\t\t\t\t\t\t<\/div>\n\t\t\t\t\t<\/div>\n\t\t<\/div>\n\t\t\t\t\t<\/div>\n\t\t<\/section>\n\t\t\t\t<section class=\"elementor-section elementor-top-section elementor-element elementor-element-5bbc835 elementor-section-content-middle elementor-section-boxed elementor-section-height-default elementor-section-height-default\" data-id=\"5bbc835\" data-element_type=\"section\" data-e-type=\"section\" data-settings=\"{&quot;background_background&quot;:&quot;classic&quot;,&quot;shape_divider_top&quot;:&quot;tilt&quot;}\">\n\t\t\t\t\t\t\t<div class=\"elementor-background-overlay\"><\/div>\n\t\t\t\t\t\t<div class=\"elementor-shape elementor-shape-top\" aria-hidden=\"true\" data-negative=\"false\">\n\t\t\t<svg xmlns=\"http:\/\/www.w3.org\/2000\/svg\" viewBox=\"0 0 1000 100\" preserveAspectRatio=\"none\">\n\t<path class=\"elementor-shape-fill\" d=\"M0,6V0h1000v100L0,6z\"\/>\n<\/svg>\t\t<\/div>\n\t\t\t\t\t<div class=\"elementor-container elementor-column-gap-default\">\n\t\t\t\t\t<div class=\"elementor-column elementor-col-100 elementor-top-column elementor-element elementor-element-c1533f8\" data-id=\"c1533f8\" data-element_type=\"column\" data-e-type=\"column\">\n\t\t\t<div class=\"elementor-widget-wrap elementor-element-populated\">\n\t\t\t\t\t\t<div class=\"elementor-element elementor-element-f3af4c4 elementor-widget elementor-widget-heading\" data-id=\"f3af4c4\" data-element_type=\"widget\" data-e-type=\"widget\" data-widget_type=\"heading.default\">\n\t\t\t\t\t<h2 class=\"elementor-heading-title elementor-size-default\">&nbsp;<\/h2>\t\t\t\t<\/div>\n\t\t\t\t\t<\/div>\n\t\t<\/div>\n\t\t\t\t\t<\/div>\n\t\t<\/section>\n\t\t\t\t<\/div>\n\t\t","protected":false},"excerpt":{"rendered":"<p>Serrurerie automobile Quel serrurier automobile dans le Var appeler ? SAP Focatrans bien s\u00fbr ! SAP Focatrans intervient dans tout le Haut\u2011Var, notamment autour de Villecroze, Salernes, Aups, Tourtour, Flayosc, Lorgues et Draguignan. Que vous&hellip;<\/p>\n","protected":false},"author":1,"featured_media":0,"parent":0,"menu_order":0,"comment_status":"closed","ping_status":"closed","template":"template-parts\/template-page-builders.php","meta":{"om_disable_all_campaigns":false,"_monsterinsights_skip_tracking":false,"_monsterinsights_sitenote_active":false,"_monsterinsights_sitenote_note":"","_monsterinsights_sitenote_category":0,"footnotes":""},"class_list":["post-1229","page","type-page","status-publish","hentry"],"aioseo_notices":[],"jetpack_sharing_enabled":true,"_links":{"self":[{"href":"https:\/\/sap-focatrans.fr\/v2025\/wp-json\/wp\/v2\/pages\/1229","targetHints":{"allow":["GET"]}}],"collection":[{"href":"https:\/\/sap-focatrans.fr\/v2025\/wp-json\/wp\/v2\/pages"}],"about":[{"href":"https:\/\/sap-focatrans.fr\/v2025\/wp-json\/wp\/v2\/types\/page"}],"author":[{"embeddable":true,"href":"https:\/\/sap-focatrans.fr\/v2025\/wp-json\/wp\/v2\/users\/1"}],"replies":[{"embeddable":true,"href":"https:\/\/sap-focatrans.fr\/v2025\/wp-json\/wp\/v2\/comments?post=1229"}],"version-history":[{"count":58,"href":"https:\/\/sap-focatrans.fr\/v2025\/wp-json\/wp\/v2\/pages\/1229\/revisions"}],"predecessor-version":[{"id":1733,"href":"https:\/\/sap-focatrans.fr\/v2025\/wp-json\/wp\/v2\/pages\/1229\/revisions\/1733"}],"wp:attachment":[{"href":"https:\/\/sap-focatrans.fr\/v2025\/wp-json\/wp\/v2\/media?parent=1229"}],"curies":[{"name":"wp","href":"https:\/\/api.w.org\/{rel}","templated":true}]}}