{"id":1187,"date":"2025-10-17T09:30:23","date_gmt":"2025-10-17T07:30:23","guid":{"rendered":"https:\/\/sap-focatrans.fr\/v2025\/?page_id=1187"},"modified":"2026-02-25T14:27:00","modified_gmt":"2026-02-25T13:27:00","slug":"nos-offres","status":"publish","type":"page","link":"https:\/\/sap-focatrans.fr\/v2025\/nos-offres\/","title":{"rendered":"Nos services"},"content":{"rendered":"\t\t<div data-elementor-type=\"wp-post\" data-elementor-id=\"1187\" class=\"elementor elementor-1187\">\n\t\t\t\t\t\t<section class=\"elementor-section elementor-top-section elementor-element elementor-element-224b9b6 elementor-section-full_width elementor-section-height-default elementor-section-height-default\" data-id=\"224b9b6\" data-element_type=\"section\" data-e-type=\"section\" data-settings=\"{&quot;background_background&quot;:&quot;classic&quot;,&quot;shape_divider_bottom&quot;:&quot;tilt&quot;}\">\n\t\t\t\t\t\t\t<div class=\"elementor-background-overlay\"><\/div>\n\t\t\t\t\t\t<div class=\"elementor-shape elementor-shape-bottom\" aria-hidden=\"true\" data-negative=\"false\">\n\t\t\t<svg xmlns=\"http:\/\/www.w3.org\/2000\/svg\" viewBox=\"0 0 1000 100\" preserveAspectRatio=\"none\">\n\t<path class=\"elementor-shape-fill\" d=\"M0,6V0h1000v100L0,6z\"\/>\n<\/svg>\t\t<\/div>\n\t\t\t\t\t<div class=\"elementor-container elementor-column-gap-default\">\n\t\t\t\t\t<div class=\"elementor-column elementor-col-100 elementor-top-column elementor-element elementor-element-d0f980b\" data-id=\"d0f980b\" data-element_type=\"column\" data-e-type=\"column\">\n\t\t\t<div class=\"elementor-widget-wrap elementor-element-populated\">\n\t\t\t\t\t\t<section class=\"elementor-section elementor-inner-section elementor-element elementor-element-231d5ba elementor-section-boxed elementor-section-height-default elementor-section-height-default\" data-id=\"231d5ba\" data-element_type=\"section\" data-e-type=\"section\">\n\t\t\t\t\t\t<div class=\"elementor-container elementor-column-gap-default\">\n\t\t\t\t\t<div class=\"elementor-column elementor-col-100 elementor-inner-column elementor-element elementor-element-2c9489b\" data-id=\"2c9489b\" data-element_type=\"column\" data-e-type=\"column\">\n\t\t\t<div class=\"elementor-widget-wrap elementor-element-populated\">\n\t\t\t\t\t\t<div class=\"elementor-element elementor-element-2d06514 elementor-widget elementor-widget-heading\" data-id=\"2d06514\" data-element_type=\"widget\" data-e-type=\"widget\" data-widget_type=\"heading.default\">\n\t\t\t\t\t<h2 class=\"elementor-heading-title elementor-size-default\">Tous nos services<br>\nen quelques clics<\/h2>\t\t\t\t<\/div>\n\t\t\t\t<div class=\"elementor-element elementor-element-e02ce18 elementor-widget elementor-widget-heading\" data-id=\"e02ce18\" data-element_type=\"widget\" data-e-type=\"widget\" data-widget_type=\"heading.default\">\n\t\t\t\t\t<h5 class=\"elementor-heading-title elementor-size-default\">Des services qualifi\u00e9s, un savoir-faire reconnu et une \u00e9quipe \u00e0 l\u2019\u00e9coute : avec SAP FOCATRANS, la satisfaction est au rendez-vous.<\/h5>\t\t\t\t<\/div>\n\t\t\t\t\t<\/div>\n\t\t<\/div>\n\t\t\t\t\t<\/div>\n\t\t<\/section>\n\t\t\t\t\t<\/div>\n\t\t<\/div>\n\t\t\t\t\t<\/div>\n\t\t<\/section>\n\t\t\t\t<section class=\"elementor-section elementor-top-section elementor-element elementor-element-b715b06 elementor-section-boxed elementor-section-height-default elementor-section-height-default\" data-id=\"b715b06\" data-element_type=\"section\" data-e-type=\"section\" data-settings=\"{&quot;background_background&quot;:&quot;classic&quot;}\">\n\t\t\t\t\t\t<div class=\"elementor-container elementor-column-gap-no\">\n\t\t\t\t\t<div class=\"elementor-column elementor-col-50 elementor-top-column elementor-element elementor-element-14207db\" data-id=\"14207db\" data-element_type=\"column\" data-e-type=\"column\">\n\t\t\t<div class=\"elementor-widget-wrap elementor-element-populated\">\n\t\t\t\t\t\t<section class=\"elementor-section elementor-inner-section elementor-element elementor-element-b6f743d elementor-section-boxed elementor-section-height-default elementor-section-height-default\" data-id=\"b6f743d\" data-element_type=\"section\" data-e-type=\"section\">\n\t\t\t\t\t\t<div class=\"elementor-container elementor-column-gap-no\">\n\t\t\t\t\t<div class=\"elementor-column elementor-col-50 elementor-inner-column elementor-element elementor-element-4474734\" data-id=\"4474734\" data-element_type=\"column\" data-e-type=\"column\">\n\t\t\t<div class=\"elementor-widget-wrap elementor-element-populated\">\n\t\t\t\t\t\t<div class=\"elementor-element elementor-element-f92e01a envo-extra-content-alignleft elementor-widget elementor-widget-envo-extra-icon-box\" data-id=\"f92e01a\" data-element_type=\"widget\" data-e-type=\"widget\" data-widget_type=\"envo-extra-icon-box.default\">\n\t\t\t\t<div class=\"elementor-widget-container\">\n\t\t\t\t\t\r\n\t\t<a  href=\"https:\/\/sap-focatrans.fr\/v2025\/serrurier-automobile\" class=\"envo-extra-box-icon-wrapper\">\r\n\t\t<div class=\"envo-extra-box-icon-wrapper-inner\">\r\n\t\t\t\t\t\t\t<span class=\"envo-extra-badge envo-extra-badge-top-left\">D\u00e9tail du service<\/span>\r\n\t\t\t\r\n\t\t\t\t\t\t\t<span class=\"envo-extra-box-icon-item\">\r\n\t\t\t\t\t\t\t\t\t<\/span>\r\n\t\t\t\r\n\t\t\t<span class=\"envo-extra-box-icon-content\">\r\n\t\t\t\t<h3 class=\"envo-extra-box-icon-title\">Serrurerie<br>Automobile<\/h3>\r\n\t\t\t\t\t\t\t\t\t<p class=\"envo-extra-box-icon-description\"><b>Rapidit\u00e9, pr\u00e9cision, tranquillit\u00e9<\/b><br>\nUne cl\u00e9 \u00e9gar\u00e9e, une porte r\u00e9calcitrante&nbsp;? Nos experts interviennent sur place, avec efficacit\u00e9 et sans d\u00e9g\u00e2ts. <br>\nFini le stress : votre v\u00e9hicule retrouve l\u2019acc\u00e8s en un clin d\u2019\u0153il, gr\u00e2ce \u00e0 notre savoir-faire d\u00e9di\u00e9. SAP FOCATRANS, c\u2019est la s\u00e9curit\u00e9 retrouv\u00e9e\u2026 sans d\u00e9tour.<\/p>\r\n\t\t\t\t\t\t\t<\/span>\r\n\r\n\t\t<\/div>\r\n\t\t<\/a>\r\n\t\t\t\t\t\t<\/div>\n\t\t\t\t<\/div>\n\t\t\t\t<div class=\"elementor-element elementor-element-10854c2 envo-extra-content-alignleft elementor-widget elementor-widget-envo-extra-icon-box\" data-id=\"10854c2\" data-element_type=\"widget\" data-e-type=\"widget\" data-widget_type=\"envo-extra-icon-box.default\">\n\t\t\t\t<div class=\"elementor-widget-container\">\n\t\t\t\t\t\r\n\t\t<a  href=\"https:\/\/sap-focatrans.fr\/v2025\/transport-routier-specialise-btp\" class=\"envo-extra-box-icon-wrapper\">\r\n\t\t<div class=\"envo-extra-box-icon-wrapper-inner\">\r\n\t\t\t\t\t\t\t<span class=\"envo-extra-badge envo-extra-badge-top-left\">D\u00e9tail du service<\/span>\r\n\t\t\t\r\n\t\t\t\t\t\t\t<span class=\"envo-extra-box-icon-item\">\r\n\t\t\t\t\t\t\t\t\t<\/span>\r\n\t\t\t\r\n\t\t\t<span class=\"envo-extra-box-icon-content\">\r\n\t\t\t\t<h3 class=\"envo-extra-box-icon-title\">Transport routier sp\u00e9cialis\u00e9 BTP<\/h3>\r\n\t\t\t\t\t\t\t\t\t<p class=\"envo-extra-box-icon-description\"><b>Vos mat\u00e9riaux, nos v\u00e9hicules, une seule priorit\u00e9 : livrer sans compromis. <\/b>\n<br>Gravats, engins, engrais ou \u00e9quipements de chantier \u2014 chaque trajet est pens\u00e9 pour r\u00e9pondre aux exigences du terrain.<br>\nDisponibilit\u00e9, fiabilit\u00e9 et s\u00e9curit\u00e9 sont au c\u0153ur de notre engagement, pour des livraisons ponctuelles et ma\u00eetris\u00e9es, quelle que soit la charge ou la destination.<\/p>\r\n\t\t\t\t\t\t\t<\/span>\r\n\r\n\t\t<\/div>\r\n\t\t<\/a>\r\n\t\t\t\t\t\t<\/div>\n\t\t\t\t<\/div>\n\t\t\t\t\t<\/div>\n\t\t<\/div>\n\t\t\t\t<div class=\"elementor-column elementor-col-50 elementor-inner-column elementor-element elementor-element-2404175\" data-id=\"2404175\" data-element_type=\"column\" data-e-type=\"column\">\n\t\t\t<div class=\"elementor-widget-wrap elementor-element-populated\">\n\t\t\t\t\t\t<div class=\"elementor-element elementor-element-48144b2 envo-extra-content-alignleft elementor-widget elementor-widget-envo-extra-icon-box\" data-id=\"48144b2\" data-element_type=\"widget\" data-e-type=\"widget\" data-widget_type=\"envo-extra-icon-box.default\">\n\t\t\t\t<div class=\"elementor-widget-container\">\n\t\t\t\t\t\r\n\t\t<a  href=\"https:\/\/sap-focatrans.fr\/v2025\/remorquage-depannage\" class=\"envo-extra-box-icon-wrapper\">\r\n\t\t<div class=\"envo-extra-box-icon-wrapper-inner\">\r\n\t\t\t\t\t\t\t<span class=\"envo-extra-badge envo-extra-badge-top-left\">D\u00e9tail du service<\/span>\r\n\t\t\t\r\n\t\t\t\t\t\t\t<span class=\"envo-extra-box-icon-item\">\r\n\t\t\t\t\t\t\t\t\t<\/span>\r\n\t\t\t\r\n\t\t\t<span class=\"envo-extra-box-icon-content\">\r\n\t\t\t\t<h3 class=\"envo-extra-box-icon-title\">Remorquage &amp; <br>d\u00e9pannage<\/h3>\r\n\t\t\t\t\t\t\t\t\t<p class=\"envo-extra-box-icon-description\"><b>Toujours pr\u00eats, toujours proches<\/b><br>\n Une panne, un impr\u00e9vu ? Nos \u00e9quipes interviennent rapidement, o\u00f9 que vous soyez, pour vous remettre en route. <br>\nProfessionnalisme, r\u00e9activit\u00e9 et assistance sur mesure : votre tranquillit\u00e9 reprend le volant. <br>\nAvec SAP FOCATRANS, chaque incident trouve sa solution.<\/p>\r\n\t\t\t\t\t\t\t<\/span>\r\n\r\n\t\t<\/div>\r\n\t\t<\/a>\r\n\t\t\t\t\t\t<\/div>\n\t\t\t\t<\/div>\n\t\t\t\t<div class=\"elementor-element elementor-element-f1e4ec1 envo-extra-content-alignleft elementor-widget elementor-widget-envo-extra-icon-box\" data-id=\"f1e4ec1\" data-element_type=\"widget\" data-e-type=\"widget\" data-widget_type=\"envo-extra-icon-box.default\">\n\t\t\t\t<div class=\"elementor-widget-container\">\n\t\t\t\t\t\r\n\t\t<a  href=\"https:\/\/sap-focatrans.fr\/v2025\/reprogrammation-moteur\" class=\"envo-extra-box-icon-wrapper\">\r\n\t\t<div class=\"envo-extra-box-icon-wrapper-inner\">\r\n\t\t\t\t\t\t\t<span class=\"envo-extra-badge envo-extra-badge-top-left\">D\u00e9tail du service<\/span>\r\n\t\t\t\r\n\t\t\t\t\t\t\t<span class=\"envo-extra-box-icon-item\">\r\n\t\t\t\t\t\t\t\t\t<\/span>\r\n\t\t\t\r\n\t\t\t<span class=\"envo-extra-box-icon-content\">\r\n\t\t\t\t<h3 class=\"envo-extra-box-icon-title\">Reprogrammation moteur<\/h3>\r\n\t\t\t\t\t\t\t\t\t<p class=\"envo-extra-box-icon-description\"><b>Performance sur mesure <\/b><br>\nVotre moteur a du potentiel\u2026 nous le r\u00e9v\u00e9lons. Gr\u00e2ce \u00e0 une reprogrammation pr\u00e9cise, gagnez en puissance, fluidit\u00e9 et efficacit\u00e9. <br>\nMoins de consommation, plus de plaisir de conduite : votre v\u00e9hicule devient l\u2019alli\u00e9 parfait de vos trajets. SAP FOCATRANS, l\u2019art d\u2019optimiser sans compromis.<\/p>\r\n\t\t\t\t\t\t\t<\/span>\r\n\r\n\t\t<\/div>\r\n\t\t<\/a>\r\n\t\t\t\t\t\t<\/div>\n\t\t\t\t<\/div>\n\t\t\t\t\t<\/div>\n\t\t<\/div>\n\t\t\t\t\t<\/div>\n\t\t<\/section>\n\t\t\t\t\t<\/div>\n\t\t<\/div>\n\t\t\t\t<div class=\"elementor-column elementor-col-50 elementor-top-column elementor-element elementor-element-43c2062\" data-id=\"43c2062\" data-element_type=\"column\" data-e-type=\"column\">\n\t\t\t<div class=\"elementor-widget-wrap elementor-element-populated\">\n\t\t\t\t\t\t<div class=\"elementor-element elementor-element-e3e4ef1 elementor-widget elementor-widget-heading\" data-id=\"e3e4ef1\" data-element_type=\"widget\" data-e-type=\"widget\" data-widget_type=\"heading.default\">\n\t\t\t\t\t<h2 class=\"elementor-heading-title elementor-size-default\">Nos services<\/h2>\t\t\t\t<\/div>\n\t\t\t\t<div class=\"elementor-element elementor-element-d42f27c elementor-widget__width-initial animated-fast elementor-hidden-phone elementor-invisible elementor-widget elementor-widget-spacer\" data-id=\"d42f27c\" data-element_type=\"widget\" data-e-type=\"widget\" data-settings=\"{&quot;_animation&quot;:&quot;fadeInLeft&quot;}\" data-widget_type=\"spacer.default\">\n\t\t\t\t\t\t\t<div class=\"elementor-spacer\">\n\t\t\t<div class=\"elementor-spacer-inner\"><\/div>\n\t\t<\/div>\n\t\t\t\t\t\t<\/div>\n\t\t\t\t<div class=\"elementor-element elementor-element-4acfa00 elementor-widget__width-initial elementor-widget elementor-widget-heading\" data-id=\"4acfa00\" data-element_type=\"widget\" data-e-type=\"widget\" data-widget_type=\"heading.default\">\n\t\t\t\t\t<h2 class=\"elementor-heading-title elementor-size-default\">L\u2019<b>expertise<\/b> qui vous remet en mouvement<\/h2>\t\t\t\t<\/div>\n\t\t\t\t<div class=\"elementor-element elementor-element-1db3dc7 elementor-widget-divider--view-line_icon elementor-widget__width-auto elementor-absolute elementor-view-default elementor-widget-divider--element-align-center elementor-widget elementor-widget-divider\" data-id=\"1db3dc7\" data-element_type=\"widget\" data-e-type=\"widget\" data-settings=\"{&quot;_position&quot;:&quot;absolute&quot;}\" data-widget_type=\"divider.default\">\n\t\t\t\t\t\t\t<div class=\"elementor-divider\">\n\t\t\t<span class=\"elementor-divider-separator\">\n\t\t\t\t\t\t\t<div class=\"elementor-icon elementor-divider__element\">\n\t\t\t\t\t<svg aria-hidden=\"true\" class=\"e-font-icon-svg e-fas-circle\" viewBox=\"0 0 512 512\" xmlns=\"http:\/\/www.w3.org\/2000\/svg\"><path d=\"M256 8C119 8 8 119 8 256s111 248 248 248 248-111 248-248S393 8 256 8z\"><\/path><\/svg><\/div>\n\t\t\t\t\t\t<\/span>\n\t\t<\/div>\n\t\t\t\t\t\t<\/div>\n\t\t\t\t<div class=\"elementor-element elementor-element-da7b28b elementor-widget-divider--view-line_icon elementor-widget__width-auto elementor-absolute elementor-view-default elementor-widget-divider--element-align-center elementor-widget elementor-widget-divider\" data-id=\"da7b28b\" data-element_type=\"widget\" data-e-type=\"widget\" data-settings=\"{&quot;_position&quot;:&quot;absolute&quot;}\" data-widget_type=\"divider.default\">\n\t\t\t\t\t\t\t<div class=\"elementor-divider\">\n\t\t\t<span class=\"elementor-divider-separator\">\n\t\t\t\t\t\t\t<div class=\"elementor-icon elementor-divider__element\">\n\t\t\t\t\t<svg aria-hidden=\"true\" class=\"e-font-icon-svg e-fas-circle\" viewBox=\"0 0 512 512\" xmlns=\"http:\/\/www.w3.org\/2000\/svg\"><path d=\"M256 8C119 8 8 119 8 256s111 248 248 248 248-111 248-248S393 8 256 8z\"><\/path><\/svg><\/div>\n\t\t\t\t\t\t<\/span>\n\t\t<\/div>\n\t\t\t\t\t\t<\/div>\n\t\t\t\t<div class=\"elementor-element elementor-element-7e73da7 elementor-widget elementor-widget-text-editor\" data-id=\"7e73da7\" data-element_type=\"widget\" data-e-type=\"widget\" data-widget_type=\"text-editor.default\">\n\t\t\t\t\t\t\t\t\t<p>Dans un monde o\u00f9 chaque trajet compte, SAP FOCATRANS incarne bien plus qu\u2019un garage : c\u2019est votre partenaire mobilit\u00e9 et transport. De la serrurerie automobile \u00e0 la location de v\u00e9hicules sp\u00e9cialis\u00e9s, du remorquage express au transport de mat\u00e9riel BTP ou agricole, nous intervenons avec rigueur, passion et savoir-faire.<\/p><p><strong>Notre mission ?<\/strong><\/p><p>Offrir des solutions sur mesure, fiables et humaines, pour que chaque route, chaque chantier, chaque livraison retrouve son cap. <br \/>Parce que vos v\u00e9hicules m\u00e9ritent le meilleur, et vos op\u00e9rations, la tranquillit\u00e9.<\/p>\t\t\t\t\t\t\t\t<\/div>\n\t\t\t\t<div class=\"elementor-element elementor-element-14754ba elementor-widget elementor-widget-image\" data-id=\"14754ba\" data-element_type=\"widget\" data-e-type=\"widget\" data-widget_type=\"image.default\">\n\t\t\t\t\t\t\t\t\t\t\t\t\t\t\t<img fetchpriority=\"high\" decoding=\"async\" width=\"847\" height=\"476\" src=\"https:\/\/i0.wp.com\/sap-focatrans.fr\/v2025\/wp-content\/uploads\/2025\/10\/engineer-does-checkup-client-car-scaled.jpg?fit=847%2C476&amp;ssl=1\" class=\"attachment-large size-large wp-image-1203\" alt=\"\" srcset=\"https:\/\/i0.wp.com\/sap-focatrans.fr\/v2025\/wp-content\/uploads\/2025\/10\/engineer-does-checkup-client-car-scaled.jpg?w=2560&amp;ssl=1 2560w, https:\/\/i0.wp.com\/sap-focatrans.fr\/v2025\/wp-content\/uploads\/2025\/10\/engineer-does-checkup-client-car-scaled.jpg?resize=300%2C169&amp;ssl=1 300w, https:\/\/i0.wp.com\/sap-focatrans.fr\/v2025\/wp-content\/uploads\/2025\/10\/engineer-does-checkup-client-car-scaled.jpg?resize=1024%2C576&amp;ssl=1 1024w, https:\/\/i0.wp.com\/sap-focatrans.fr\/v2025\/wp-content\/uploads\/2025\/10\/engineer-does-checkup-client-car-scaled.jpg?resize=768%2C432&amp;ssl=1 768w, https:\/\/i0.wp.com\/sap-focatrans.fr\/v2025\/wp-content\/uploads\/2025\/10\/engineer-does-checkup-client-car-scaled.jpg?resize=1536%2C864&amp;ssl=1 1536w, https:\/\/i0.wp.com\/sap-focatrans.fr\/v2025\/wp-content\/uploads\/2025\/10\/engineer-does-checkup-client-car-scaled.jpg?resize=2048%2C1152&amp;ssl=1 2048w, https:\/\/i0.wp.com\/sap-focatrans.fr\/v2025\/wp-content\/uploads\/2025\/10\/engineer-does-checkup-client-car-scaled.jpg?w=1694&amp;ssl=1 1694w\" sizes=\"(max-width: 847px) 100vw, 847px\" \/>\t\t\t\t\t\t\t\t\t\t\t\t\t\t\t<\/div>\n\t\t\t\t\t<\/div>\n\t\t<\/div>\n\t\t\t\t\t<\/div>\n\t\t<\/section>\n\t\t\t\t<section class=\"elementor-section elementor-top-section elementor-element elementor-element-5bbc835 elementor-section-content-middle elementor-section-boxed elementor-section-height-default elementor-section-height-default\" data-id=\"5bbc835\" data-element_type=\"section\" data-e-type=\"section\" data-settings=\"{&quot;background_background&quot;:&quot;classic&quot;,&quot;shape_divider_top&quot;:&quot;tilt&quot;}\">\n\t\t\t\t\t\t\t<div class=\"elementor-background-overlay\"><\/div>\n\t\t\t\t\t\t<div class=\"elementor-shape elementor-shape-top\" aria-hidden=\"true\" data-negative=\"false\">\n\t\t\t<svg xmlns=\"http:\/\/www.w3.org\/2000\/svg\" viewBox=\"0 0 1000 100\" preserveAspectRatio=\"none\">\n\t<path class=\"elementor-shape-fill\" d=\"M0,6V0h1000v100L0,6z\"\/>\n<\/svg>\t\t<\/div>\n\t\t\t\t\t<div class=\"elementor-container elementor-column-gap-default\">\n\t\t\t\t\t<div class=\"elementor-column elementor-col-100 elementor-top-column elementor-element elementor-element-c1533f8\" data-id=\"c1533f8\" data-element_type=\"column\" data-e-type=\"column\">\n\t\t\t<div class=\"elementor-widget-wrap elementor-element-populated\">\n\t\t\t\t\t\t<div class=\"elementor-element elementor-element-a027585 elementor-widget elementor-widget-heading\" data-id=\"a027585\" data-element_type=\"widget\" data-e-type=\"widget\" data-widget_type=\"heading.default\">\n\t\t\t\t\t<h2 class=\"elementor-heading-title elementor-size-default\">&nbsp;<\/h2>\t\t\t\t<\/div>\n\t\t\t\t\t<\/div>\n\t\t<\/div>\n\t\t\t\t\t<\/div>\n\t\t<\/section>\n\t\t\t\t<\/div>\n\t\t","protected":false},"excerpt":{"rendered":"<p>Tous nos services en quelques clics Des services qualifi\u00e9s, un savoir-faire reconnu et une \u00e9quipe \u00e0 l\u2019\u00e9coute : avec SAP FOCATRANS, la satisfaction est au rendez-vous. D\u00e9tail du service SerrurerieAutomobile Rapidit\u00e9, pr\u00e9cision, tranquillit\u00e9 Une cl\u00e9&hellip;<\/p>\n","protected":false},"author":1,"featured_media":0,"parent":0,"menu_order":0,"comment_status":"closed","ping_status":"closed","template":"template-parts\/template-page-builders.php","meta":{"om_disable_all_campaigns":false,"_monsterinsights_skip_tracking":false,"_monsterinsights_sitenote_active":false,"_monsterinsights_sitenote_note":"","_monsterinsights_sitenote_category":0,"footnotes":""},"class_list":["post-1187","page","type-page","status-publish","hentry"],"aioseo_notices":[],"jetpack_sharing_enabled":true,"_links":{"self":[{"href":"https:\/\/sap-focatrans.fr\/v2025\/wp-json\/wp\/v2\/pages\/1187","targetHints":{"allow":["GET"]}}],"collection":[{"href":"https:\/\/sap-focatrans.fr\/v2025\/wp-json\/wp\/v2\/pages"}],"about":[{"href":"https:\/\/sap-focatrans.fr\/v2025\/wp-json\/wp\/v2\/types\/page"}],"author":[{"embeddable":true,"href":"https:\/\/sap-focatrans.fr\/v2025\/wp-json\/wp\/v2\/users\/1"}],"replies":[{"embeddable":true,"href":"https:\/\/sap-focatrans.fr\/v2025\/wp-json\/wp\/v2\/comments?post=1187"}],"version-history":[{"count":50,"href":"https:\/\/sap-focatrans.fr\/v2025\/wp-json\/wp\/v2\/pages\/1187\/revisions"}],"predecessor-version":[{"id":1600,"href":"https:\/\/sap-focatrans.fr\/v2025\/wp-json\/wp\/v2\/pages\/1187\/revisions\/1600"}],"wp:attachment":[{"href":"https:\/\/sap-focatrans.fr\/v2025\/wp-json\/wp\/v2\/media?parent=1187"}],"curies":[{"name":"wp","href":"https:\/\/api.w.org\/{rel}","templated":true}]}}