{"id":1025,"date":"2025-10-16T16:03:17","date_gmt":"2025-10-16T14:03:17","guid":{"rendered":"https:\/\/sap-focatrans.fr\/v2025\/?page_id=1025"},"modified":"2026-02-25T14:37:05","modified_gmt":"2026-02-25T13:37:05","slug":"nos-actualites","status":"publish","type":"page","link":"https:\/\/sap-focatrans.fr\/v2025\/nos-actualites\/","title":{"rendered":"Nos actualit\u00e9s"},"content":{"rendered":"\t\t<div data-elementor-type=\"wp-post\" data-elementor-id=\"1025\" class=\"elementor elementor-1025\">\n\t\t\t\t\t\t<section class=\"elementor-section elementor-top-section elementor-element elementor-element-224b9b6 elementor-section-full_width elementor-section-height-default elementor-section-height-default\" data-id=\"224b9b6\" data-element_type=\"section\" data-e-type=\"section\" data-settings=\"{&quot;background_background&quot;:&quot;classic&quot;,&quot;shape_divider_bottom&quot;:&quot;tilt&quot;}\">\n\t\t\t\t\t\t\t<div class=\"elementor-background-overlay\"><\/div>\n\t\t\t\t\t\t<div class=\"elementor-shape elementor-shape-bottom\" aria-hidden=\"true\" data-negative=\"false\">\n\t\t\t<svg xmlns=\"http:\/\/www.w3.org\/2000\/svg\" viewBox=\"0 0 1000 100\" preserveAspectRatio=\"none\">\n\t<path class=\"elementor-shape-fill\" d=\"M0,6V0h1000v100L0,6z\"\/>\n<\/svg>\t\t<\/div>\n\t\t\t\t\t<div class=\"elementor-container elementor-column-gap-default\">\n\t\t\t\t\t<div class=\"elementor-column elementor-col-100 elementor-top-column elementor-element elementor-element-d0f980b\" data-id=\"d0f980b\" data-element_type=\"column\" data-e-type=\"column\">\n\t\t\t<div class=\"elementor-widget-wrap elementor-element-populated\">\n\t\t\t\t\t\t<section class=\"elementor-section elementor-inner-section elementor-element elementor-element-231d5ba elementor-section-boxed elementor-section-height-default elementor-section-height-default\" data-id=\"231d5ba\" data-element_type=\"section\" data-e-type=\"section\">\n\t\t\t\t\t\t<div class=\"elementor-container elementor-column-gap-default\">\n\t\t\t\t\t<div class=\"elementor-column elementor-col-100 elementor-inner-column elementor-element elementor-element-2c9489b\" data-id=\"2c9489b\" data-element_type=\"column\" data-e-type=\"column\">\n\t\t\t<div class=\"elementor-widget-wrap elementor-element-populated\">\n\t\t\t\t\t\t<div class=\"elementor-element elementor-element-2d06514 elementor-widget elementor-widget-heading\" data-id=\"2d06514\" data-element_type=\"widget\" data-e-type=\"widget\" data-widget_type=\"heading.default\">\n\t\t\t\t\t<h2 class=\"elementor-heading-title elementor-size-default\">Bienvenue dans notre espace d'information<\/h2>\t\t\t\t<\/div>\n\t\t\t\t<div class=\"elementor-element elementor-element-e02ce18 elementor-widget elementor-widget-heading\" data-id=\"e02ce18\" data-element_type=\"widget\" data-e-type=\"widget\" data-widget_type=\"heading.default\">\n\t\t\t\t\t<h5 class=\"elementor-heading-title elementor-size-default\">Retrouvez ici toutes les actualit\u00e9s de SAP FOCATRANS, <br>\nnos dossiers th\u00e9matiques, nos conseils pratiques et les temps forts de la vie de l\u2019entreprise. <br>\nNouveaux services, interventions marquantes, \u00e9volutions du secteur ou retours d\u2019exp\u00e9rience terrain : <br>\nnous partageons avec vous ce qui fait avancer notre m\u00e9tier\u2026 et votre mobilit\u00e9.<\/h5>\t\t\t\t<\/div>\n\t\t\t\t\t<\/div>\n\t\t<\/div>\n\t\t\t\t\t<\/div>\n\t\t<\/section>\n\t\t\t\t\t<\/div>\n\t\t<\/div>\n\t\t\t\t\t<\/div>\n\t\t<\/section>\n\t\t\t\t<section class=\"elementor-section elementor-top-section elementor-element elementor-element-9a8bc7c elementor-section-boxed elementor-section-height-default elementor-section-height-default\" data-id=\"9a8bc7c\" data-element_type=\"section\" data-e-type=\"section\">\n\t\t\t\t\t\t<div class=\"elementor-container elementor-column-gap-default\">\n\t\t\t\t\t<div class=\"elementor-column elementor-col-100 elementor-top-column elementor-element elementor-element-600fc55 animated-slow elementor-invisible\" data-id=\"600fc55\" data-element_type=\"column\" data-e-type=\"column\" data-settings=\"{&quot;animation&quot;:&quot;fadeInLeft&quot;}\">\n\t\t\t<div class=\"elementor-widget-wrap elementor-element-populated\">\n\t\t\t\t\t\t<div class=\"elementor-element elementor-element-6da43f9 elementor-widget__width-initial elementor-widget-divider--view-line elementor-widget elementor-widget-divider\" data-id=\"6da43f9\" data-element_type=\"widget\" data-e-type=\"widget\" data-widget_type=\"divider.default\">\n\t\t\t\t\t\t\t<div class=\"elementor-divider\">\n\t\t\t<span class=\"elementor-divider-separator\">\n\t\t\t\t\t\t<\/span>\n\t\t<\/div>\n\t\t\t\t\t\t<\/div>\n\t\t\t\t<div class=\"elementor-element elementor-element-1694963 elementor-widget__width-auto elementor-widget elementor-widget-heading\" data-id=\"1694963\" data-element_type=\"widget\" data-e-type=\"widget\" data-settings=\"{&quot;_animation&quot;:&quot;none&quot;,&quot;_animation_delay&quot;:300}\" data-widget_type=\"heading.default\">\n\t\t\t\t\t<h3 class=\"elementor-heading-title elementor-size-default\">Actualit\u00e9s &amp; Dossiers<\/h3>\t\t\t\t<\/div>\n\t\t\t\t<div class=\"elementor-element elementor-element-76e2d41 elementor-widget elementor-widget-heading\" data-id=\"76e2d41\" data-element_type=\"widget\" data-e-type=\"widget\" data-widget_type=\"heading.default\">\n\t\t\t\t\t<h2 class=\"elementor-heading-title elementor-size-default\">Toute notre actualit\u00e9 &amp; nos dossiers<\/h2>\t\t\t\t<\/div>\n\t\t\t\t<div class=\"elementor-element elementor-element-6132102 elementor-widget elementor-widget-etww-blog-grid\" data-id=\"6132102\" data-element_type=\"widget\" data-e-type=\"widget\" data-widget_type=\"etww-blog-grid.default\">\n\t\t\t\t<div class=\"elementor-widget-container\">\n\t\t\t\t\t\r\n\t\t\t<div class=\"etww-blog-grid clr match-height-grid\">\r\n\r\n\t\t\t\t\r\n\t\t\t\t\t\t<article id=\"post-1690\" class=\"etww-grid-entry clr post-1690 post type-post status-publish format-standard has-post-thumbnail hentry category-non-classe\">\r\n\r\n\t\t\t\t\t\t\t\r\n\t\t\t\t\t\t\t\t<div class=\"etww-grid-inner clr\">\r\n\t\t\t\t\t\t\t\r\n\t\t\t\t\t\t\t\t\t\r\n\t\t\t\t\t\t\t\t\t\t<div class=\"etww-grid-media clr\">\r\n\r\n\t\t\t\t\t\t\t\t\t\t\t<a href=\"https:\/\/sap-focatrans.fr\/v2025\/cle-perdue-vehicule-bloque-les-bons-reflexes-a-adopter-2\/\" title=\"Sp\u00e9cialiste de la Serrurerie Automobile &#038; Reprogrammation moteur\" class=\"etww-grid-img\">\r\n\r\n\t\t\t\t\t\t\t\t\t\t\t\t<img fetchpriority=\"high\" decoding=\"async\" width=\"300\" height=\"200\" src=\"https:\/\/i0.wp.com\/sap-focatrans.fr\/v2025\/wp-content\/uploads\/2026\/02\/catalan-village-castellar-de-la-ribera-scaled.jpg?fit=300%2C200&amp;ssl=1\" class=\"attachment-medium size-medium wp-post-image\" alt=\"Sp\u00e9cialiste de la Serrurerie Automobile &#038; Reprogrammation moteur\" itemprop=\"image\" srcset=\"https:\/\/i0.wp.com\/sap-focatrans.fr\/v2025\/wp-content\/uploads\/2026\/02\/catalan-village-castellar-de-la-ribera-scaled.jpg?w=2560&amp;ssl=1 2560w, https:\/\/i0.wp.com\/sap-focatrans.fr\/v2025\/wp-content\/uploads\/2026\/02\/catalan-village-castellar-de-la-ribera-scaled.jpg?resize=300%2C200&amp;ssl=1 300w, https:\/\/i0.wp.com\/sap-focatrans.fr\/v2025\/wp-content\/uploads\/2026\/02\/catalan-village-castellar-de-la-ribera-scaled.jpg?resize=1024%2C683&amp;ssl=1 1024w, https:\/\/i0.wp.com\/sap-focatrans.fr\/v2025\/wp-content\/uploads\/2026\/02\/catalan-village-castellar-de-la-ribera-scaled.jpg?resize=768%2C512&amp;ssl=1 768w, https:\/\/i0.wp.com\/sap-focatrans.fr\/v2025\/wp-content\/uploads\/2026\/02\/catalan-village-castellar-de-la-ribera-scaled.jpg?resize=1536%2C1024&amp;ssl=1 1536w, https:\/\/i0.wp.com\/sap-focatrans.fr\/v2025\/wp-content\/uploads\/2026\/02\/catalan-village-castellar-de-la-ribera-scaled.jpg?resize=2048%2C1365&amp;ssl=1 2048w, https:\/\/i0.wp.com\/sap-focatrans.fr\/v2025\/wp-content\/uploads\/2026\/02\/catalan-village-castellar-de-la-ribera-scaled.jpg?w=2280&amp;ssl=1 2280w\" sizes=\"(max-width: 300px) 100vw, 300px\" \/>\r\n\t\t\t\t\t\t\t\t\t\t\t\t<span class=\"overlay\">\r\n\t\t\t\t\t\t\t\t\t\t\t\t\t\t\t\t\t\t\t\t\t\t\t\t\t\t\t<span class=\"overlay-btn\">\r\n\t\t\t\t\t\t\t\t\t\t\t\t\t\t\tLire la suite\t\t\t\t\t\t\t\t\t\t\t\t\t\t<\/span>\r\n\t\t\t\t\t\t\t\t\t\t\t\t\t\t\t\t\t\t\t\t\t\t\t\t\t<\/span>\r\n\r\n\t\t\t\t\t\t\t\t\t\t\t<\/a>\r\n\r\n\t\t\t\t\t\t\t\t\t\t\t\r\n\t\t\t\t\t\t\t\t\t\t<\/div><!-- .etww-grid-media -->\r\n\r\n\t\t\t\t\t\t\t\t\t\r\n\t\t\t\t\t\t\t\t\t\r\n\t\t\t\t\t\t\t\t\t\t<div class=\"etww-grid-details match-height-content clr\">\r\n\r\n\t\t\t\t\t\t\t\t\t\t\t\r\n\t\t\t\t\t\t\t\t\t\t\t\t<h2 class=\"etww-grid-title entry-title\">\r\n\t\t\t\t\t\t\t\t\t\t\t\t\t<a href=\"https:\/\/sap-focatrans.fr\/v2025\/cle-perdue-vehicule-bloque-les-bons-reflexes-a-adopter-2\/\" title=\"Sp\u00e9cialiste de la Serrurerie Automobile &#038; Reprogrammation moteur\">Sp\u00e9cialiste de la Serrurerie Automobile &amp; Reprogrammation moteur<\/a>\r\n\t\t\t\t\t\t\t\t\t\t\t\t<\/h2>\r\n\r\n\t\t\t\t\t\t\t\t\t\t\t\r\n\t\t\t\t\t\t\t\t\t\t\t\r\n\t\t\t\t\t\t\t\t\t\t<\/div><!-- .etww-grid-details -->\r\n\r\n\t\t\t\t\t\t\t\t\t\r\n\t\t\t\t\t\t\t\t\t\r\n\t\t\t\t\t\t\t\t<\/div>\r\n\r\n\t\t\t\t\t\t\t\r\n\t\t\t\t\t\t<\/article>\r\n\r\n\t\t\t\t\t\r\n\t\t\t\t\r\n\t\t\t\t\t\t<article id=\"post-1401\" class=\"etww-grid-entry clr post-1401 post type-post status-publish format-standard has-post-thumbnail hentry category-non-classe\">\r\n\r\n\t\t\t\t\t\t\t\r\n\t\t\t\t\t\t\t\t<div class=\"etww-grid-inner clr\">\r\n\t\t\t\t\t\t\t\r\n\t\t\t\t\t\t\t\t\t\r\n\t\t\t\t\t\t\t\t\t\t<div class=\"etww-grid-media clr\">\r\n\r\n\t\t\t\t\t\t\t\t\t\t\t<a href=\"https:\/\/sap-focatrans.fr\/v2025\/cle-perdue-vehicule-bloque-les-bons-reflexes-a-adopter\/\" title=\"Cl\u00e9 perdue, v\u00e9hicule bloqu\u00e9 : les bons r\u00e9flexes \u00e0 adopter\" class=\"etww-grid-img\">\r\n\r\n\t\t\t\t\t\t\t\t\t\t\t\t<img decoding=\"async\" width=\"300\" height=\"200\" src=\"https:\/\/i0.wp.com\/sap-focatrans.fr\/v2025\/wp-content\/uploads\/2025\/10\/pass-key-from-machine-from-hand-hand-1-scaled.jpg?fit=300%2C200&amp;ssl=1\" class=\"attachment-medium size-medium wp-post-image\" alt=\"Cl\u00e9 perdue, v\u00e9hicule bloqu\u00e9 : les bons r\u00e9flexes \u00e0 adopter\" itemprop=\"image\" srcset=\"https:\/\/i0.wp.com\/sap-focatrans.fr\/v2025\/wp-content\/uploads\/2025\/10\/pass-key-from-machine-from-hand-hand-1-scaled.jpg?w=2560&amp;ssl=1 2560w, https:\/\/i0.wp.com\/sap-focatrans.fr\/v2025\/wp-content\/uploads\/2025\/10\/pass-key-from-machine-from-hand-hand-1-scaled.jpg?resize=300%2C200&amp;ssl=1 300w, https:\/\/i0.wp.com\/sap-focatrans.fr\/v2025\/wp-content\/uploads\/2025\/10\/pass-key-from-machine-from-hand-hand-1-scaled.jpg?resize=1024%2C683&amp;ssl=1 1024w, https:\/\/i0.wp.com\/sap-focatrans.fr\/v2025\/wp-content\/uploads\/2025\/10\/pass-key-from-machine-from-hand-hand-1-scaled.jpg?resize=768%2C512&amp;ssl=1 768w, https:\/\/i0.wp.com\/sap-focatrans.fr\/v2025\/wp-content\/uploads\/2025\/10\/pass-key-from-machine-from-hand-hand-1-scaled.jpg?resize=1536%2C1024&amp;ssl=1 1536w, https:\/\/i0.wp.com\/sap-focatrans.fr\/v2025\/wp-content\/uploads\/2025\/10\/pass-key-from-machine-from-hand-hand-1-scaled.jpg?resize=2048%2C1365&amp;ssl=1 2048w, https:\/\/i0.wp.com\/sap-focatrans.fr\/v2025\/wp-content\/uploads\/2025\/10\/pass-key-from-machine-from-hand-hand-1-scaled.jpg?w=2280&amp;ssl=1 2280w\" sizes=\"(max-width: 300px) 100vw, 300px\" \/>\r\n\t\t\t\t\t\t\t\t\t\t\t\t<span class=\"overlay\">\r\n\t\t\t\t\t\t\t\t\t\t\t\t\t\t\t\t\t\t\t\t\t\t\t\t\t\t\t<span class=\"overlay-btn\">\r\n\t\t\t\t\t\t\t\t\t\t\t\t\t\t\tLire la suite\t\t\t\t\t\t\t\t\t\t\t\t\t\t<\/span>\r\n\t\t\t\t\t\t\t\t\t\t\t\t\t\t\t\t\t\t\t\t\t\t\t\t\t<\/span>\r\n\r\n\t\t\t\t\t\t\t\t\t\t\t<\/a>\r\n\r\n\t\t\t\t\t\t\t\t\t\t\t\r\n\t\t\t\t\t\t\t\t\t\t<\/div><!-- .etww-grid-media -->\r\n\r\n\t\t\t\t\t\t\t\t\t\r\n\t\t\t\t\t\t\t\t\t\r\n\t\t\t\t\t\t\t\t\t\t<div class=\"etww-grid-details match-height-content clr\">\r\n\r\n\t\t\t\t\t\t\t\t\t\t\t\r\n\t\t\t\t\t\t\t\t\t\t\t\t<h2 class=\"etww-grid-title entry-title\">\r\n\t\t\t\t\t\t\t\t\t\t\t\t\t<a href=\"https:\/\/sap-focatrans.fr\/v2025\/cle-perdue-vehicule-bloque-les-bons-reflexes-a-adopter\/\" title=\"Cl\u00e9 perdue, v\u00e9hicule bloqu\u00e9 : les bons r\u00e9flexes \u00e0 adopter\">Cl\u00e9 perdue, v\u00e9hicule bloqu\u00e9 : les bons r\u00e9flexes \u00e0 adopter<\/a>\r\n\t\t\t\t\t\t\t\t\t\t\t\t<\/h2>\r\n\r\n\t\t\t\t\t\t\t\t\t\t\t\r\n\t\t\t\t\t\t\t\t\t\t\t\r\n\t\t\t\t\t\t\t\t\t\t<\/div><!-- .etww-grid-details -->\r\n\r\n\t\t\t\t\t\t\t\t\t\r\n\t\t\t\t\t\t\t\t\t\r\n\t\t\t\t\t\t\t\t<\/div>\r\n\r\n\t\t\t\t\t\t\t\r\n\t\t\t\t\t\t<\/article>\r\n\r\n\t\t\t\t\t\r\n\t\t\t\t\r\n\t\t\t\t\t\t<article id=\"post-1386\" class=\"etww-grid-entry clr post-1386 post type-post status-publish format-standard has-post-thumbnail hentry category-non-classe\">\r\n\r\n\t\t\t\t\t\t\t\r\n\t\t\t\t\t\t\t\t<div class=\"etww-grid-inner clr\">\r\n\t\t\t\t\t\t\t\r\n\t\t\t\t\t\t\t\t\t\r\n\t\t\t\t\t\t\t\t\t\t<div class=\"etww-grid-media clr\">\r\n\r\n\t\t\t\t\t\t\t\t\t\t\t<a href=\"https:\/\/sap-focatrans.fr\/v2025\/bioethanol-e85-une-alternative-economique-et-ecologique-pour-votre-moteur\/\" title=\"Bio\u00e9thanol E85 : une alternative \u00e9conomique et \u00e9cologique pour votre moteur\" class=\"etww-grid-img\">\r\n\r\n\t\t\t\t\t\t\t\t\t\t\t\t<img decoding=\"async\" width=\"300\" height=\"200\" src=\"https:\/\/i0.wp.com\/sap-focatrans.fr\/v2025\/wp-content\/uploads\/2025\/10\/different-fuel-pistols-somewhere-amsterdam-city-scaled.jpg?fit=300%2C200&amp;ssl=1\" class=\"attachment-medium size-medium wp-post-image\" alt=\"Bio\u00e9thanol E85 : une alternative \u00e9conomique et \u00e9cologique pour votre moteur\" itemprop=\"image\" srcset=\"https:\/\/i0.wp.com\/sap-focatrans.fr\/v2025\/wp-content\/uploads\/2025\/10\/different-fuel-pistols-somewhere-amsterdam-city-scaled.jpg?w=2560&amp;ssl=1 2560w, https:\/\/i0.wp.com\/sap-focatrans.fr\/v2025\/wp-content\/uploads\/2025\/10\/different-fuel-pistols-somewhere-amsterdam-city-scaled.jpg?resize=300%2C200&amp;ssl=1 300w, https:\/\/i0.wp.com\/sap-focatrans.fr\/v2025\/wp-content\/uploads\/2025\/10\/different-fuel-pistols-somewhere-amsterdam-city-scaled.jpg?resize=1024%2C683&amp;ssl=1 1024w, https:\/\/i0.wp.com\/sap-focatrans.fr\/v2025\/wp-content\/uploads\/2025\/10\/different-fuel-pistols-somewhere-amsterdam-city-scaled.jpg?resize=768%2C512&amp;ssl=1 768w, https:\/\/i0.wp.com\/sap-focatrans.fr\/v2025\/wp-content\/uploads\/2025\/10\/different-fuel-pistols-somewhere-amsterdam-city-scaled.jpg?resize=1536%2C1024&amp;ssl=1 1536w, https:\/\/i0.wp.com\/sap-focatrans.fr\/v2025\/wp-content\/uploads\/2025\/10\/different-fuel-pistols-somewhere-amsterdam-city-scaled.jpg?resize=2048%2C1365&amp;ssl=1 2048w, https:\/\/i0.wp.com\/sap-focatrans.fr\/v2025\/wp-content\/uploads\/2025\/10\/different-fuel-pistols-somewhere-amsterdam-city-scaled.jpg?w=2280&amp;ssl=1 2280w\" sizes=\"(max-width: 300px) 100vw, 300px\" \/>\r\n\t\t\t\t\t\t\t\t\t\t\t\t<span class=\"overlay\">\r\n\t\t\t\t\t\t\t\t\t\t\t\t\t\t\t\t\t\t\t\t\t\t\t\t\t\t\t<span class=\"overlay-btn\">\r\n\t\t\t\t\t\t\t\t\t\t\t\t\t\t\tLire la suite\t\t\t\t\t\t\t\t\t\t\t\t\t\t<\/span>\r\n\t\t\t\t\t\t\t\t\t\t\t\t\t\t\t\t\t\t\t\t\t\t\t\t\t<\/span>\r\n\r\n\t\t\t\t\t\t\t\t\t\t\t<\/a>\r\n\r\n\t\t\t\t\t\t\t\t\t\t\t\r\n\t\t\t\t\t\t\t\t\t\t<\/div><!-- .etww-grid-media -->\r\n\r\n\t\t\t\t\t\t\t\t\t\r\n\t\t\t\t\t\t\t\t\t\r\n\t\t\t\t\t\t\t\t\t\t<div class=\"etww-grid-details match-height-content clr\">\r\n\r\n\t\t\t\t\t\t\t\t\t\t\t\r\n\t\t\t\t\t\t\t\t\t\t\t\t<h2 class=\"etww-grid-title entry-title\">\r\n\t\t\t\t\t\t\t\t\t\t\t\t\t<a href=\"https:\/\/sap-focatrans.fr\/v2025\/bioethanol-e85-une-alternative-economique-et-ecologique-pour-votre-moteur\/\" title=\"Bio\u00e9thanol E85 : une alternative \u00e9conomique et \u00e9cologique pour votre moteur\">Bio\u00e9thanol E85 : une alternative \u00e9conomique et \u00e9cologique pour votre moteur<\/a>\r\n\t\t\t\t\t\t\t\t\t\t\t\t<\/h2>\r\n\r\n\t\t\t\t\t\t\t\t\t\t\t\r\n\t\t\t\t\t\t\t\t\t\t\t\r\n\t\t\t\t\t\t\t\t\t\t<\/div><!-- .etww-grid-details -->\r\n\r\n\t\t\t\t\t\t\t\t\t\r\n\t\t\t\t\t\t\t\t\t\r\n\t\t\t\t\t\t\t\t<\/div>\r\n\r\n\t\t\t\t\t\t\t\r\n\t\t\t\t\t\t<\/article>\r\n\r\n\t\t\t\t\t\r\n\t\t\t\t\r\n\t\t\t<\/div><!-- .etww-blog-grid -->\r\n\t\t\t\t\r\n\t\t\t<div class=\"etww-pagination clr\"><ul class='page-numbers'>\n\t<li><span aria-current=\"page\" class=\"page-numbers current\">1<\/span><\/li>\n\t<li><a class=\"page-numbers\" href=\"https:\/\/sap-focatrans.fr\/v2025\/wp-json\/wp\/v2\/pages\/1025\/page\/2\/\">2<\/a><\/li>\n\t<li><a class=\"next page-numbers\" href=\"https:\/\/sap-focatrans.fr\/v2025\/wp-json\/wp\/v2\/pages\/1025\/page\/2\/\"><i class=\"fas fa-angle-right\"><\/i><\/a><\/li>\n<\/ul>\n<\/div>\r\n\t\t\t\r\n\t\t\t\t\t<\/div>\n\t\t\t\t<\/div>\n\t\t\t\t\t<\/div>\n\t\t<\/div>\n\t\t\t\t\t<\/div>\n\t\t<\/section>\n\t\t\t\t<section class=\"elementor-section elementor-top-section elementor-element elementor-element-01ee9cf elementor-section-content-middle elementor-section-boxed elementor-section-height-default elementor-section-height-default\" data-id=\"01ee9cf\" data-element_type=\"section\" data-e-type=\"section\" data-settings=\"{&quot;background_background&quot;:&quot;classic&quot;,&quot;shape_divider_top&quot;:&quot;tilt&quot;}\">\n\t\t\t\t\t\t\t<div class=\"elementor-background-overlay\"><\/div>\n\t\t\t\t\t\t<div class=\"elementor-shape elementor-shape-top\" aria-hidden=\"true\" data-negative=\"false\">\n\t\t\t<svg xmlns=\"http:\/\/www.w3.org\/2000\/svg\" viewBox=\"0 0 1000 100\" preserveAspectRatio=\"none\">\n\t<path class=\"elementor-shape-fill\" d=\"M0,6V0h1000v100L0,6z\"\/>\n<\/svg>\t\t<\/div>\n\t\t\t\t\t<div class=\"elementor-container elementor-column-gap-default\">\n\t\t\t\t\t<div class=\"elementor-column elementor-col-100 elementor-top-column elementor-element elementor-element-e7c3643\" data-id=\"e7c3643\" data-element_type=\"column\" data-e-type=\"column\">\n\t\t\t<div class=\"elementor-widget-wrap elementor-element-populated\">\n\t\t\t\t\t\t<div class=\"elementor-element elementor-element-be5deaa elementor-widget elementor-widget-heading\" data-id=\"be5deaa\" data-element_type=\"widget\" data-e-type=\"widget\" data-widget_type=\"heading.default\">\n\t\t\t\t\t<h2 class=\"elementor-heading-title elementor-size-default\">&nbsp;<\/h2>\t\t\t\t<\/div>\n\t\t\t\t\t<\/div>\n\t\t<\/div>\n\t\t\t\t\t<\/div>\n\t\t<\/section>\n\t\t\t\t<\/div>\n\t\t","protected":false},"excerpt":{"rendered":"<p>Bienvenue dans notre espace d&rsquo;information Retrouvez ici toutes les actualit\u00e9s de SAP FOCATRANS, nos dossiers th\u00e9matiques, nos conseils pratiques et les temps forts de la vie de l\u2019entreprise. Nouveaux services, interventions marquantes, \u00e9volutions du secteur&hellip;<\/p>\n","protected":false},"author":1,"featured_media":0,"parent":0,"menu_order":0,"comment_status":"closed","ping_status":"closed","template":"template-parts\/template-page-builders.php","meta":{"om_disable_all_campaigns":false,"_monsterinsights_skip_tracking":false,"_monsterinsights_sitenote_active":false,"_monsterinsights_sitenote_note":"","_monsterinsights_sitenote_category":0,"footnotes":""},"class_list":["post-1025","page","type-page","status-publish","hentry"],"aioseo_notices":[],"jetpack_sharing_enabled":true,"_links":{"self":[{"href":"https:\/\/sap-focatrans.fr\/v2025\/wp-json\/wp\/v2\/pages\/1025","targetHints":{"allow":["GET"]}}],"collection":[{"href":"https:\/\/sap-focatrans.fr\/v2025\/wp-json\/wp\/v2\/pages"}],"about":[{"href":"https:\/\/sap-focatrans.fr\/v2025\/wp-json\/wp\/v2\/types\/page"}],"author":[{"embeddable":true,"href":"https:\/\/sap-focatrans.fr\/v2025\/wp-json\/wp\/v2\/users\/1"}],"replies":[{"embeddable":true,"href":"https:\/\/sap-focatrans.fr\/v2025\/wp-json\/wp\/v2\/comments?post=1025"}],"version-history":[{"count":49,"href":"https:\/\/sap-focatrans.fr\/v2025\/wp-json\/wp\/v2\/pages\/1025\/revisions"}],"predecessor-version":[{"id":1615,"href":"https:\/\/sap-focatrans.fr\/v2025\/wp-json\/wp\/v2\/pages\/1025\/revisions\/1615"}],"wp:attachment":[{"href":"https:\/\/sap-focatrans.fr\/v2025\/wp-json\/wp\/v2\/media?parent=1025"}],"curies":[{"name":"wp","href":"https:\/\/api.w.org\/{rel}","templated":true}]}}